{"id":32,"date":"2024-10-14T12:30:20","date_gmt":"2024-10-14T12:30:20","guid":{"rendered":"https:\/\/ycpcbs.com\/?page_id=32"},"modified":"2024-10-25T09:57:04","modified_gmt":"2024-10-25T09:57:04","slug":"cookies-policy","status":"publish","type":"page","link":"https:\/\/ycpcbs.com\/tr\/cookies-policy\/","title":{"rendered":"\u00c7erez Politikas\u0131"},"content":{"rendered":"<p><strong>\u00c7erez Politikas\u0131<\/strong><\/p>\n<p>Hongkong YC Elektronik Teknoloji Co., Limited (\"biz,\" \"bizim\" veya \"bize\") web sitemizde \u00e7erezler ve benzer izleme teknolojileri kullanmaktad\u0131r <a href=\"https:\/\/ycpcbs.com\/tr\/\"><u>https:\/\/ycpcbs.com<\/u><\/a>\u00a0(\"Site\"). Bu \u00c7erez Politikas\u0131, \u00e7erezlerin ne oldu\u011funu, nas\u0131l kulland\u0131\u011f\u0131m\u0131z\u0131 ve kullan\u0131m tercihlerinizi a\u00e7\u0131klamaktad\u0131r.<\/p>\n<h3><strong><b>1. \u00c7erezler Nedir?<\/b><\/strong><\/h3>\n<p>\u00c7erezler, bir web sitesini ziyaret etti\u011finizde cihaz\u0131n\u0131za (bilgisayar, ak\u0131ll\u0131 telefon veya di\u011fer elektronik cihazlar) yerle\u015ftirilen k\u00fc\u00e7\u00fck metin dosyalar\u0131d\u0131r. Bu dosyalar, cihaz\u0131n\u0131z\u0131 tan\u0131mam\u0131za, tercihlerinizi hat\u0131rlamam\u0131za ve sitemizdeki deneyiminizi geli\u015ftirmemize yard\u0131mc\u0131 olur.<\/p>\n<h3><strong><b>2. Kulland\u0131\u011f\u0131m\u0131z \u00c7erez T\u00fcrleri<\/b><\/strong><\/h3>\n<p>Sitemizde a\u015fa\u011f\u0131daki t\u00fcrlerde \u00e7erezler kullan\u0131yoruz:<\/p>\n<ul>\n<li><strong>Gerekli \u00c7erezler<\/strong>: Bu \u00e7erezler, sitenin d\u00fczg\u00fcn \u00e7al\u0131\u015fmas\u0131 i\u00e7in gereklidir. G\u00fcvenli alanlara eri\u015fim gibi sitenin \u00f6zelliklerini kullanman\u0131z\u0131 sa\u011flar.<\/li>\n<li><strong>Performans \u00c7erezleri<\/strong>: Bu \u00e7erezler, sitenizi nas\u0131l kulland\u0131\u011f\u0131n\u0131z hakk\u0131nda bilgi toplar, \u00f6rne\u011fin ziyaret etti\u011finiz sayfalar ve kar\u015f\u0131la\u015ft\u0131\u011f\u0131n\u0131z hatalar gibi. Bu verileri, sitenin performans\u0131n\u0131 ve kullan\u0131c\u0131 deneyimini geli\u015ftirmek i\u00e7in kullan\u0131yoruz.<\/li>\n<li><strong>\u0130\u015flevsellik \u00c7erezleri<\/strong>: Bu \u00e7erezler, tercihlerinizi (\u00f6rne\u011fin dil veya b\u00f6lge) hat\u0131rlamam\u0131za ve daha ki\u015fiselle\u015ftirilmi\u015f bir deneyim sunmam\u0131za olanak tan\u0131r.<\/li>\n<li><strong>Hedefleme veya Reklam \u00c7erezleri<\/strong>: Bu \u00e7erezler, ilgi alanlar\u0131n\u0131za g\u00f6re size uygun reklamlar g\u00f6stermek i\u00e7in kullan\u0131l\u0131r. Ayr\u0131ca, bir reklam\u0131 ka\u00e7 kez g\u00f6rd\u00fc\u011f\u00fcn\u00fcz\u00fc s\u0131n\u0131rlamak ve reklam kampanyalar\u0131n\u0131n etkinli\u011fini \u00f6l\u00e7mek i\u00e7in de kullan\u0131labilir.<\/li>\n<\/ul>\n<h3><strong><b>3. \u00c7erezleri Nas\u0131l Kullan\u0131yoruz<\/b><\/strong><\/h3>\n<p>\u00c7erezleri a\u015fa\u011f\u0131daki ama\u00e7lar i\u00e7in kullan\u0131yoruz:<\/p>\n<ul>\n<li><strong>Hizmetler Sunmak<\/strong>: Gerekli \u00e7erezler, hesab\u0131n\u0131za eri\u015fmek veya sipari\u015fleri i\u015flemek gibi temel hizmetleri sa\u011flamam\u0131za yard\u0131mc\u0131 olur.<\/li>\n<li><strong>Web Sitesi Kullan\u0131m\u0131n\u0131 Analiz Etmek<\/strong>: Performans \u00e7erezlerini, ziyaret\u00e7ilerin Sitemizle nas\u0131l etkile\u015fime ge\u00e7ti\u011fini anlamak ve i\u015flevselli\u011fi ile i\u00e7eri\u011fi geli\u015ftirmek i\u00e7in kullan\u0131yoruz.<\/li>\n<li><strong>\u0130\u00e7eri\u011fi Ki\u015fiselle\u015ftirmek \u0130\u00e7in<\/strong>: \u0130\u015flevsellik \u00e7erezleri, Site'yi tercihlerinize g\u00f6re uyarlamam\u0131za olanak tan\u0131r.<\/li>\n<li><strong>Pazarlama \u00c7abalar\u0131n\u0131 Desteklemek \u0130\u00e7in<\/strong>: Hedefleme \u00e7erezleri, ilgili reklamlar sunmam\u0131za ve pazarlama etkinli\u011fimizi takip etmemize yard\u0131mc\u0131 olur.<\/li>\n<\/ul>\n<h3><strong><b>4. \u00dc\u00e7\u00fcnc\u00fc Taraf \u00c7erezleri<\/b><\/strong><\/h3>\n<p>Baz\u0131 durumlarda, \u00fc\u00e7\u00fcnc\u00fc taraflar, Sitemiz arac\u0131l\u0131\u011f\u0131yla cihaz\u0131n\u0131za \u00e7erezler yerle\u015ftirebilir. Bu \u00e7erezler genellikle analiz, reklam veya sosyal medya entegrasyonu i\u00e7in kullan\u0131l\u0131r. Bu \u00e7erezleri kontrol etmiyoruz ve daha fazla bilgi i\u00e7in \u00fc\u00e7\u00fcnc\u00fc taraflar\u0131n \u00e7erez politikalar\u0131na bakmal\u0131s\u0131n\u0131z.<\/p>\n<h3><strong><b>5. \u00c7erez Tercihlerinizi Y\u00f6netme<\/b><\/strong><\/h3>\n<p>Taray\u0131c\u0131 ayarlar\u0131n\u0131z arac\u0131l\u0131\u011f\u0131yla \u00e7erezleri kabul etmeyi veya reddetmeyi se\u00e7ebilirsiniz. \u00c7o\u011fu web taray\u0131c\u0131s\u0131 otomatik olarak \u00e7erezleri kabul eder, ancak tercih ederseniz ayarlar\u0131n\u0131z\u0131 de\u011fi\u015ftirerek \u00e7erezleri reddedebilirsiniz. L\u00fctfen, \u00e7erezleri devre d\u0131\u015f\u0131 b\u0131rakman\u0131n Sitemizin i\u015flevselli\u011fini etkileyebilece\u011fini unutmay\u0131n.<\/p>\n<h3><strong><b>6. Bu \u00c7erez Politikas\u0131nda De\u011fi\u015fiklikler<\/b><\/strong><\/h3>\n<p>Bu \u00c7erez Politikas\u0131n\u0131 zaman zaman g\u00fcncelleyebiliriz. Herhangi bir de\u011fi\u015fiklik bu sayfada yay\u0131nlanacak ve revize edilen s\u00fcr\u00fcm yay\u0131nland\u0131\u011f\u0131 anda ge\u00e7erli olacakt\u0131r.<\/p>\n<h3><strong><b>7. Bize Ula\u015f\u0131n<\/b><\/strong><\/h3>\n<p>\u00c7erez kullan\u0131m\u0131 veya bu \u00c7erez Politikas\u0131 hakk\u0131nda herhangi bir sorunuz varsa, l\u00fctfen bizimle ileti\u015fime ge\u00e7in:<\/p>\n<p>Hongkong YC Electronic Technology Co., Limited<br \/>\nAdres: Bogang Toplulu\u011fu, Shajing Caddesi, Baoan B\u00f6lgesi, Shenzhen, Guangdong, \u00c7in<br \/>\nE-posta: sales@ycelectronic.com<br \/>\nTelefon: +86-0755-2709-5550<\/p>\n<p>Sitemizi kullanmaya devam ederek, bu \u00c7erez Politikas\u0131nda a\u00e7\u0131klanan \u015fekilde \u00e7erezlerin kullan\u0131lmas\u0131na izin vermi\u015f olursunuz.<\/p>","protected":false},"excerpt":{"rendered":"<p>\u00c7erez Politikas\u0131 YC Electronic Technology Co., Limited (\u201cbiz,\u201d \u201cbizim,\u201d veya \u201cbize\u201d) web sitemizde https:\/\/ycpcbs.com\u00a0(\u201cSite\u201d) \u00fczerinde \u00e7erezler ve benzeri izleme teknolojileri kullanmaktad\u0131r. Bu \u00c7erez Politikas\u0131, \u00e7erezlerin ne oldu\u011funu, nas\u0131l kulland\u0131\u011f\u0131m\u0131z\u0131 ve kullan\u0131m tercihlerinizi a\u00e7\u0131klamaktad\u0131r. 1. \u00c7erezler Nedir? \u00c7erezler, cihaz\u0131n\u0131za (bilgisayar, ak\u0131ll\u0131 telefon veya [\u2026]<\/p>","protected":false},"author":1,"featured_media":0,"parent":0,"menu_order":0,"comment_status":"closed","ping_status":"closed","template":"","meta":{"_seopress_robots_primary_cat":"","_seopress_titles_title":"","_seopress_titles_desc":"","_seopress_robots_index":"","_zeroy_edited":false,"_zeroy_last_edited":"","footnotes":""},"class_list":["post-32","page","type-page","status-publish","hentry"],"_links":{"self":[{"href":"https:\/\/ycpcbs.com\/tr\/wp-json\/wp\/v2\/pages\/32","targetHints":{"allow":["GET"]}}],"collection":[{"href":"https:\/\/ycpcbs.com\/tr\/wp-json\/wp\/v2\/pages"}],"about":[{"href":"https:\/\/ycpcbs.com\/tr\/wp-json\/wp\/v2\/types\/page"}],"author":[{"embeddable":true,"href":"https:\/\/ycpcbs.com\/tr\/wp-json\/wp\/v2\/users\/1"}],"replies":[{"embeddable":true,"href":"https:\/\/ycpcbs.com\/tr\/wp-json\/wp\/v2\/comments?post=32"}],"version-history":[{"count":0,"href":"https:\/\/ycpcbs.com\/tr\/wp-json\/wp\/v2\/pages\/32\/revisions"}],"wp:attachment":[{"href":"https:\/\/ycpcbs.com\/tr\/wp-json\/wp\/v2\/media?parent=32"}],"curies":[{"name":"wp","href":"https:\/\/api.w.org\/{rel}","templated":true}]}}