{"id":3,"date":"2024-10-12T10:28:54","date_gmt":"2024-10-12T10:28:54","guid":{"rendered":"http:\/\/ycpcbs.com\/?page_id=3"},"modified":"2024-10-25T09:53:57","modified_gmt":"2024-10-25T09:53:57","slug":"privacy-policy","status":"publish","type":"page","link":"https:\/\/ycpcbs.com\/tr\/privacy-policy\/","title":{"rendered":"Gizlilik Politikas\u0131"},"content":{"rendered":"<p><strong>Gizlilik Politikas\u0131<\/strong><\/p>\n<p>Hongkong YC Elektronik Teknoloji A.\u015e. (\"biz,\" \"bizim,\" veya \"bize\") gizlili\u011finizi korumaya kendini adam\u0131\u015ft\u0131r. Bu Gizlilik Politikas\u0131, web sitemizi ziyaret etti\u011finizde veya hizmetlerimizi kulland\u0131\u011f\u0131n\u0131zda bilgilerinizi nas\u0131l toplad\u0131\u011f\u0131m\u0131z\u0131, kulland\u0131\u011f\u0131m\u0131z\u0131, a\u00e7\u0131klad\u0131\u011f\u0131m\u0131z\u0131 ve korudu\u011fumuzu a\u00e7\u0131klar. <a href=\"https:\/\/ycpcbs.com\/tr\/\"><u>https:\/\/ycpcbs.com<\/u><\/a>\u00a0(\"Site\") veya hizmetlerimizi kullan\u0131rken, ki\u015fisel verilerinizle ilgili g\u00f6r\u00fc\u015flerimizi ve uygulamalar\u0131m\u0131z\u0131 anlamak i\u00e7in l\u00fctfen bu politikay\u0131 dikkatlice okuyun.<\/p>\n<h3><strong><b>1. Toplad\u0131\u011f\u0131m\u0131z Bilgiler<\/b><\/strong><\/h3>\n<p>Farkl\u0131 \u015fekillerde ki\u015fisel bilgi toplayabiliriz, bunlar aras\u0131nda:<\/p>\n<ul>\n<li><strong>Ki\u015fisel Tan\u0131mlama Bilgileri<\/strong>: Sitemizi ziyaret etti\u011finizde, kaydoldu\u011funuzda, sipari\u015f verdi\u011finizde veya bir form doldurdu\u011funuzda, ad\u0131n\u0131z, e-posta adresiniz, telefon numaran\u0131z ve \u015firket detaylar\u0131n\u0131z gibi ki\u015fisel bilgiler toplayabiliriz.<\/li>\n<li><strong>Ki\u015fisel Olmayan Tan\u0131mlama Bilgileri<\/strong>: Sitemizle etkile\u015fime ge\u00e7ti\u011finizde sizinle ilgili ki\u015fisel olmayan tan\u0131mlama bilgisi de toplayabiliriz. Bu, IP adresiniz, taray\u0131c\u0131 t\u00fcr\u00fcn\u00fcz, i\u015fletim sisteminiz, ziyaret etti\u011finiz sayfalar ve di\u011fer tan\u0131lama verilerini i\u00e7erebilir.<\/li>\n<\/ul>\n<h3><strong><b>2. Bilgilerinizi Nas\u0131l Kullan\u0131yoruz<\/b><\/strong><\/h3>\n<p>Toplad\u0131\u011f\u0131m\u0131z bilgileri a\u015fa\u011f\u0131daki ama\u00e7lar i\u00e7in kullan\u0131yoruz:<\/p>\n<ul>\n<li><strong>Hizmetler Sunmak<\/strong>: Sipari\u015flerinizi i\u015flemek, talep etti\u011finiz \u00fcr\u00fcn ve hizmetleri sa\u011flamak ve hesab\u0131n\u0131z\u0131 y\u00f6netmek.<\/li>\n<li><strong>M\u00fc\u015fteri Deste\u011fi<\/strong>: Soru ve taleplerinize yan\u0131t vermek, m\u00fc\u015fteri hizmeti sa\u011flamak ve herhangi bir sorunu \u00e7\u00f6zmek.<\/li>\n<li><strong>Web Sitemizi Geli\u015ftirme<\/strong>: Geri bildiriminize dayanarak web sitemizin i\u00e7erik, i\u015flevsellik ve kullan\u0131labilirli\u011fini geli\u015ftirmek.<\/li>\n<li><strong>Pazarlama ve \u0130leti\u015fim<\/strong>: Onay\u0131n\u0131zla, \u00fcr\u00fcnlerimiz, hizmetlerimiz ve \u00f6zel tekliflerimiz hakk\u0131nda size tan\u0131t\u0131c\u0131 e-postalar g\u00f6nderebiliriz.<\/li>\n<\/ul>\n<h3><strong><b>3. Bilgilerinizi Payla\u015fma<\/b><\/strong><\/h3>\n<p>Ki\u015fisel bilgilerinizi ba\u015fkalar\u0131na satm\u0131yoruz, takas etmiyoruz veya kiralam\u0131yoruz. Ancak, bilgilerinizi a\u015fa\u011f\u0131daki durumlarda \u00fc\u00e7\u00fcnc\u00fc taraflarla payla\u015fabiliriz:<\/p>\n<ul>\n<li><strong>Hizmet Sa\u011flay\u0131c\u0131lar<\/strong>: Bilgilerinizi, \u00f6deme i\u015flemleri, g\u00f6nderim ve e-posta da\u011f\u0131t\u0131m\u0131 gibi hizmetleri bizim ad\u0131m\u0131za yerine getiren \u00fc\u00e7\u00fcnc\u00fc taraf hizmet sa\u011flay\u0131c\u0131lar\u0131yla payla\u015fabiliriz.<\/li>\n<li><strong>Yasal Y\u00fck\u00fcml\u00fcl\u00fcklere Uyum<\/strong>: Yasalara, d\u00fczenlemelere veya yasal s\u00fcre\u00e7lere g\u00f6re, mahkeme emri veya h\u00fck\u00fcmet talebi gibi durumlarda bilgilerinizi a\u00e7\u0131klayabiliriz.<\/li>\n<\/ul>\n<h3><strong><b>4. \u00c7erezler ve \u0130zleme Teknolojileri<\/b><\/strong><\/h3>\n<p>Web sitemiz, deneyiminizi geli\u015ftirmek i\u00e7in \u00e7erezler ve benzeri izleme teknolojileri kullan\u0131r. \u00c7erezler, cihaz\u0131n\u0131zda saklanan ve web sitemizi nas\u0131l kulland\u0131\u011f\u0131n\u0131z\u0131 anlamam\u0131za yard\u0131mc\u0131 olan k\u00fc\u00e7\u00fck dosyalard\u0131r. Taray\u0131c\u0131 ayarlar\u0131n\u0131z arac\u0131l\u0131\u011f\u0131yla \u00e7erezleri devre d\u0131\u015f\u0131 b\u0131rakmay\u0131 se\u00e7ebilirsiniz, ancak bu, sitenin i\u015flevselli\u011fini etkileyebilir.<\/p>\n<h3><strong><b>5. Veri G\u00fcvenli\u011fi<\/b><\/strong><\/h3>\n<p>Ki\u015fisel bilgilerinizi yetkisiz eri\u015fim, de\u011fi\u015ftirme, if\u015fa veya yok etmeye kar\u015f\u0131 korumak i\u00e7in uygun teknik ve organizasyonel \u00f6nlemler uygular\u0131z. Ancak, internet \u00fczerinden iletim veya elektronik depolama y\u00f6ntemleri 0 g\u00fcvenli de\u011fildir ve mutlak g\u00fcvenli\u011fi garanti edemeyiz.<\/p>\n<h3><strong><b>6. Haklar\u0131n\u0131z<\/b><\/strong><\/h3>\n<p>Ki\u015fisel verilerinizle ilgili a\u015fa\u011f\u0131daki haklara sahipsiniz:<\/p>\n<ul>\n<li><strong>Eri\u015fim<\/strong>: Hakk\u0131n\u0131zda tuttu\u011fumuz ki\u015fisel verilerin bir kopyas\u0131n\u0131 talep edebilirsiniz.<\/li>\n<li><strong>D\u00fczeltme<\/strong>: Yanl\u0131\u015f veya eksik bilgileri d\u00fczeltmemizi talep edebilirsiniz.<\/li>\n<li><strong>Silme<\/strong>: Belirli yasal istisnalar hari\u00e7 olmak \u00fczere, ki\u015fisel verilerinizin silinmesini talep etme hakk\u0131na sahipsiniz.<\/li>\n<li><strong>\u0130tiraz<\/strong>: Belirli durumlarda ki\u015fisel verilerinizin i\u015flenmesine itiraz edebilirsiniz.<\/li>\n<\/ul>\n<p>Bu haklar\u0131 kullanmak i\u00e7in l\u00fctfen a\u015fa\u011f\u0131da verilen ileti\u015fim bilgileriyle bizimle ileti\u015fime ge\u00e7in.<\/p>\n<h3><strong><b>7. Uluslararas\u0131 Transferler<\/b><\/strong><\/h3>\n<p>Bilgileriniz, ikamet etti\u011finiz \u00fclkeden ba\u015fka \u00fclkelere aktar\u0131labilir ve i\u015flenebilir. Bu \u00fclkelerin veri koruma yasalar\u0131, \u00fclkenizdeki yasalarla farkl\u0131 olabilir. Bu durumlarda, verilerinizin uygun g\u00fcvenlik \u00f6nlemleriyle korundu\u011fundan emin olaca\u011f\u0131z.<\/p>\n<h3><strong><b>8. Bu Gizlilik Politikas\u0131ndaki De\u011fi\u015fiklikler<\/b><\/strong><\/h3>\n<p>Bu Gizlilik Politikas\u0131n\u0131 zaman zaman g\u00fcncelleyebiliriz. Herhangi bir de\u011fi\u015fiklik hakk\u0131nda sizi bilgilendirece\u011fiz; yeni Gizlilik Politikas\u0131n\u0131 bu sayfada yay\u0131nlayaca\u011f\u0131z ve revize edilen s\u00fcr\u00fcm yay\u0131nland\u0131\u011f\u0131nda hemen y\u00fcr\u00fcrl\u00fc\u011fe girecektir.<\/p>\n<h3><strong><b>9. Bize Ula\u015f\u0131n<\/b><\/strong><\/h3>\n<p>Bu Gizlilik Politikas\u0131 veya veri uygulamalar\u0131m\u0131z hakk\u0131nda herhangi bir sorunuz varsa, l\u00fctfen bizimle ileti\u015fime ge\u00e7in:<\/p>\n<p>Hongkong YC Electronic Technology Co., Limited<br \/>Adres: Bogang Toplulu\u011fu, Shajing Caddesi, Baoan B\u00f6lgesi, Shenzhen, Guangdong, \u00c7in<br \/>E-posta: sales@ycelectronic.com<br \/>Telefon: +86-0755-2709-5550<\/p>\n<p>Sitemizi kullanarak, Gizlilik Politikam\u0131za onay veriyorsunuz ve \u015fartlar\u0131m\u0131za kabul ediyorsunuz.<\/p>","protected":false},"excerpt":{"rendered":"<p>Gizlilik Politikas\u0131 Hongkong YC Electronic Technology Co., Limited (\u201cbiz,\u201d \u201cbizim,\u201d veya \u201cbize\u201d) gizlili\u011finizi korumaya kendini adam\u0131\u015ft\u0131r. Bu Gizlilik Politikas\u0131, https:\/\/ycpcbs.com adresindeki web sitemizi (\u201cSite\u201d) ziyaret etti\u011finizde veya hizmetlerimizi kulland\u0131\u011f\u0131n\u0131zda bilgilerinizi nas\u0131l toplad\u0131\u011f\u0131m\u0131z\u0131, kulland\u0131\u011f\u0131m\u0131z\u0131, a\u00e7\u0131klad\u0131\u011f\u0131m\u0131z\u0131 ve korudu\u011fumuzu a\u00e7\u0131klamaktad\u0131r. L\u00fctfen bu politikay\u0131 dikkatlice okuyunuz, b\u00f6ylece ki\u015fisel bilgilerinizle ilgili g\u00f6r\u00fc\u015flerimizi ve uygulamalar\u0131m\u0131z\u0131 anlayabilirsiniz [\u2026]<\/p>","protected":false},"author":1,"featured_media":0,"parent":0,"menu_order":0,"comment_status":"closed","ping_status":"open","template":"","meta":{"_seopress_robots_primary_cat":"","_seopress_titles_title":"","_seopress_titles_desc":"","_seopress_robots_index":"","_zeroy_edited":false,"_zeroy_last_edited":"","footnotes":""},"class_list":["post-3","page","type-page","status-publish","hentry"],"_links":{"self":[{"href":"https:\/\/ycpcbs.com\/tr\/wp-json\/wp\/v2\/pages\/3","targetHints":{"allow":["GET"]}}],"collection":[{"href":"https:\/\/ycpcbs.com\/tr\/wp-json\/wp\/v2\/pages"}],"about":[{"href":"https:\/\/ycpcbs.com\/tr\/wp-json\/wp\/v2\/types\/page"}],"author":[{"embeddable":true,"href":"https:\/\/ycpcbs.com\/tr\/wp-json\/wp\/v2\/users\/1"}],"replies":[{"embeddable":true,"href":"https:\/\/ycpcbs.com\/tr\/wp-json\/wp\/v2\/comments?post=3"}],"version-history":[{"count":0,"href":"https:\/\/ycpcbs.com\/tr\/wp-json\/wp\/v2\/pages\/3\/revisions"}],"wp:attachment":[{"href":"https:\/\/ycpcbs.com\/tr\/wp-json\/wp\/v2\/media?parent=3"}],"curies":[{"name":"wp","href":"https:\/\/api.w.org\/{rel}","templated":true}]}}