{"id":211,"date":"2024-10-15T10:00:04","date_gmt":"2024-10-15T10:00:04","guid":{"rendered":"https:\/\/ycpcbs.com\/?page_id=211"},"modified":"2025-07-15T10:24:00","modified_gmt":"2025-07-15T10:24:00","slug":"404-page","status":"publish","type":"page","link":"https:\/\/ycpcbs.com\/tr\/404-page\/","title":{"rendered":"404 SAYFA"},"content":{"rendered":"<style>.elementor-211 .elementor-element.elementor-element-16f8832a > .elementor-container{max-width:1200px;min-height:68vh;}.elementor-211 .elementor-element.elementor-element-16f8832a{border-style:solid;border-width:1px 0px 0px 0px;border-color:#03030314;padding:100px 0px 100px 0px;}.elementor-211 .elementor-element.elementor-element-6ad8a30d.elementor-column > .elementor-widget-wrap{justify-content:center;}.elementor-211 .elementor-element.elementor-element-6ad8a30d > .elementor-element-populated{padding:0px 0px 0px 0px;}.elementor-211 .elementor-element.elementor-element-73f1af0b{width:auto;max-width:auto;}.elementor-211 .elementor-element.elementor-element-73f1af0b > .elementor-widget-container{margin:0px 0px 20px 0px;}.elementor-211 .elementor-element.elementor-element-73f1af0b .ekit-header-info > li > a{color:var( --e-global-color-primary );font-family:var( --e-global-typography-2026860-font-family ), Sans-serif;font-size:var( --e-global-typography-2026860-font-size );font-weight:var( --e-global-typography-2026860-font-weight );text-transform:var( --e-global-typography-2026860-text-transform );letter-spacing:var( --e-global-typography-2026860-letter-spacing );}.elementor-211 .elementor-element.elementor-element-73f1af0b .ekit-header-info > li > a i{color:var( --e-global-color-e38c041 );font-size:11px;}.elementor-211 .elementor-element.elementor-element-73f1af0b .ekit-header-info > li > a svg path{stroke:var( --e-global-color-e38c041 );fill:var( --e-global-color-e38c041 );}.elementor-211 .elementor-element.elementor-element-73f1af0b .ekit-header-info > li > a svg{max-width:11px;height:auto;}.elementor-211 .elementor-element.elementor-element-73f1af0b .ekit-header-info > li > a i, .elementor-211 .elementor-element.elementor-element-73f1af0b .ekit-header-info > li > a svg{margin-right:10px;}.elementor-211 .elementor-element.elementor-element-77d26ae8 img{width:30%;}.elementor-211 .elementor-element.elementor-element-8318f71 > .elementor-widget-container{margin:0px 250px 0px 250px;}.elementor-211 .elementor-element.elementor-element-8318f71{text-align:center;}.elementor-211 .elementor-element.elementor-element-8318f71 .elementor-heading-title{font-family:var( --e-global-typography-secondary-font-family ), Sans-serif;font-size:var( --e-global-typography-secondary-font-size );font-weight:var( --e-global-typography-secondary-font-weight );text-transform:var( --e-global-typography-secondary-text-transform );font-style:var( --e-global-typography-secondary-font-style );text-decoration:var( --e-global-typography-secondary-text-decoration );line-height:var( --e-global-typography-secondary-line-height );letter-spacing:var( --e-global-typography-secondary-letter-spacing );color:var( --e-global-color-primary );}.elementor-211 .elementor-element.elementor-element-3c4782e6 > .elementor-widget-container{margin:0px 300px 0px 300px;}.elementor-211 .elementor-element.elementor-element-3c4782e6{text-align:center;}.elementor-211 .elementor-element.elementor-element-790e6219 .elementor-button{background-color:var( --e-global-color-primary );font-family:var( --e-global-typography-accent-font-family ), Sans-serif;font-size:var( --e-global-typography-accent-font-size );font-weight:var( --e-global-typography-accent-font-weight );text-transform:var( --e-global-typography-accent-text-transform );font-style:var( --e-global-typography-accent-font-style );text-decoration:var( --e-global-typography-accent-text-decoration );fill:#FFFFFF;color:#FFFFFF;border-radius:30px 30px 30px 30px;padding:16px 32px 16px 32px;}.elementor-211 .elementor-element.elementor-element-790e6219 .elementor-button:hover, .elementor-211 .elementor-element.elementor-element-790e6219 .elementor-button:focus{background-color:#4E4E4E;color:#FFFFFF;}.elementor-211 .elementor-element.elementor-element-790e6219 > .elementor-widget-container{margin:0px 0px 0px 0px;}.elementor-211 .elementor-element.elementor-element-790e6219 .elementor-button:hover svg, .elementor-211 .elementor-element.elementor-element-790e6219 .elementor-button:focus svg{fill:#FFFFFF;}:root{--page-title-display:none;}@media(max-width:1024px){.elementor-211 .elementor-element.elementor-element-16f8832a{padding:70px 30px 70px 30px;}.elementor-211 .elementor-element.elementor-element-73f1af0b .ekit-header-info > li > a{font-size:var( --e-global-typography-2026860-font-size );letter-spacing:var( --e-global-typography-2026860-letter-spacing );}.elementor-211 .elementor-element.elementor-element-77d26ae8 img{width:40%;}.elementor-211 .elementor-element.elementor-element-8318f71 > .elementor-widget-container{margin:0px 90px 0px 90px;}.elementor-211 .elementor-element.elementor-element-8318f71 .elementor-heading-title{font-size:var( --e-global-typography-secondary-font-size );line-height:var( --e-global-typography-secondary-line-height );letter-spacing:var( --e-global-typography-secondary-letter-spacing );}.elementor-211 .elementor-element.elementor-element-3c4782e6 > .elementor-widget-container{margin:0px 90px 0px 90px;}.elementor-211 .elementor-element.elementor-element-790e6219 .elementor-button{font-size:var( --e-global-typography-accent-font-size );}}@media(max-width:767px){.elementor-211 .elementor-element.elementor-element-16f8832a > .elementor-container{min-height:72vh;}.elementor-211 .elementor-element.elementor-element-16f8832a{padding:70px 20px 70px 20px;}.elementor-211 .elementor-element.elementor-element-73f1af0b .ekit-header-info > li > a{font-size:var( --e-global-typography-2026860-font-size );letter-spacing:var( --e-global-typography-2026860-letter-spacing );}.elementor-211 .elementor-element.elementor-element-77d26ae8 img{width:75%;}.elementor-211 .elementor-element.elementor-element-8318f71 > .elementor-widget-container{margin:0px 0px 0px 0px;}.elementor-211 .elementor-element.elementor-element-8318f71 .elementor-heading-title{font-size:var( --e-global-typography-secondary-font-size );line-height:var( --e-global-typography-secondary-line-height );letter-spacing:var( --e-global-typography-secondary-letter-spacing );}.elementor-211 .elementor-element.elementor-element-3c4782e6 > .elementor-widget-container{margin:0px 0px 0px 0px;}.elementor-211 .elementor-element.elementor-element-790e6219 .elementor-button{font-size:var( --e-global-typography-accent-font-size );}}<\/style>\t\t<div data-elementor-type=\"wp-page\" data-elementor-id=\"211\" class=\"elementor elementor-211\" data-elementor-post-type=\"page\">\n\t\t\t\t\t\t<section class=\"elementor-section elementor-top-section elementor-element elementor-element-16f8832a elementor-section-height-min-height elementor-section-boxed elementor-section-height-default elementor-section-items-middle\" data-id=\"16f8832a\" data-element_type=\"section\">\n\t\t\t\t\t\t<div class=\"elementor-container elementor-column-gap-default\">\n\t\t\t\t\t<div class=\"elementor-column elementor-col-100 elementor-top-column elementor-element elementor-element-6ad8a30d\" data-id=\"6ad8a30d\" data-element_type=\"column\">\n\t\t\t<div class=\"elementor-widget-wrap elementor-element-populated\">\n\t\t\t\t\t\t<div class=\"elementor-element elementor-element-73f1af0b elementor-widget__width-auto elementor-invisible elementor-widget elementor-widget-elementskit-header-info\" data-id=\"73f1af0b\" data-element_type=\"widget\" data-settings=\"{&quot;_animation&quot;:&quot;fadeInUp&quot;}\" data-widget_type=\"elementskit-header-info.default\">\n\t\t\t\t<div class=\"elementor-widget-container\">\n\t\t\t\t\t<div class=\"ekit-wid-con\" >        <ul class=\"ekit-header-info\">\n                                    <li>\n                            <a > \n                                <svg aria-hidden=\"true\" class=\"e-font-icon-svg e-fas-circle\" viewbox=\"0 0 512 512\" xmlns=\"http:\/\/www.w3.org\/2000\/svg\"><path d=\"M256 8C119 8 8 119 8 256s111 248 248 248 248-111 248-248S393 8 256 8z\"><\/path><\/svg>                                Hata Sayfas\u0131                            <\/a>\n                        <\/li>\n\n                            <\/ul>\n        <\/div>\t\t\t\t<\/div>\n\t\t\t\t<\/div>\n\t\t\t\t<div class=\"elementor-element elementor-element-77d26ae8 elementor-invisible elementor-widget elementor-widget-image\" data-id=\"77d26ae8\" data-element_type=\"widget\" data-settings=\"{&quot;_animation&quot;:&quot;fadeInUp&quot;,&quot;_animation_delay&quot;:200}\" data-widget_type=\"image.default\">\n\t\t\t\t<div class=\"elementor-widget-container\">\n\t\t\t\t\t\t\t\t\t\t\t\t\t\t\t<img decoding=\"async\" src=\"https:\/\/ycpcbs.com\/wp-content\/uploads\/2025\/06\/404_Asset-4.png\" title=\"\" alt=\"\" loading=\"lazy\" \/>\t\t\t\t\t\t\t\t\t\t\t\t\t\t\t<\/div>\n\t\t\t\t<\/div>\n\t\t\t\t<div class=\"elementor-element elementor-element-8318f71 elementor-invisible elementor-widget elementor-widget-heading\" data-id=\"8318f71\" data-element_type=\"widget\" data-settings=\"{&quot;_animation&quot;:&quot;fadeInUp&quot;,&quot;_animation_delay&quot;:400}\" data-widget_type=\"heading.default\">\n\t\t\t\t<div class=\"elementor-widget-container\">\n\t\t\t\t\t<h2 class=\"elementor-heading-title elementor-size-default\">Hoppala, sayfa bulunamad\u0131!<\/h2>\t\t\t\t<\/div>\n\t\t\t\t<\/div>\n\t\t\t\t<div class=\"elementor-element elementor-element-3c4782e6 elementor-invisible elementor-widget elementor-widget-text-editor\" data-id=\"3c4782e6\" data-element_type=\"widget\" data-settings=\"{&quot;_animation&quot;:&quot;fadeInUp&quot;,&quot;_animation_delay&quot;:600}\" data-widget_type=\"text-editor.default\">\n\t\t\t\t<div class=\"elementor-widget-container\">\n\t\t\t\t\t\t\t\t\t<p>Arad\u0131\u011f\u0131n\u0131z sayfa kald\u0131r\u0131lm\u0131\u015f olabilir, ad\u0131 de\u011fi\u015ftirilmi\u015f veya ge\u00e7ici olarak kullan\u0131lam\u0131yor olabilir<\/p>\t\t\t\t\t\t\t\t<\/div>\n\t\t\t\t<\/div>\n\t\t\t\t<div class=\"elementor-element elementor-element-790e6219 elementor-align-center elementor-mobile-align-center elementor-invisible elementor-widget elementor-widget-button\" data-id=\"790e6219\" data-element_type=\"widget\" data-settings=\"{&quot;_animation&quot;:&quot;fadeInUp&quot;,&quot;_animation_delay&quot;:800}\" data-widget_type=\"button.default\">\n\t\t\t\t<div class=\"elementor-widget-container\">\n\t\t\t\t\t\t\t\t\t<div class=\"elementor-button-wrapper\">\n\t\t\t\t\t<a class=\"elementor-button elementor-button-link elementor-size-sm\" href=\"https:\/\/ycpcbs.com\/tr\/\">\n\t\t\t\t\t\t<span class=\"elementor-button-content-wrapper\">\n\t\t\t\t\t\t\t\t\t<span class=\"elementor-button-text\">Ana Sayfaya D\u00f6n<\/span>\n\t\t\t\t\t<\/span>\n\t\t\t\t\t<\/a>\n\t\t\t\t<\/div>\n\t\t\t\t\t\t\t\t<\/div>\n\t\t\t\t<\/div>\n\t\t\t\t\t<\/div>\n\t\t<\/div>\n\t\t\t\t\t<\/div>\n\t\t<\/section>\n\t\t\t\t<\/div>","protected":false},"excerpt":{"rendered":"<p>Hata Sayfas\u0131 Hoppala, sayfa bulunamad\u0131! Arad\u0131\u011f\u0131n\u0131z sayfa kald\u0131r\u0131lm\u0131\u015f olabilir, ad\u0131 de\u011fi\u015ftirilmi\u015f veya ge\u00e7ici olarak kullan\u0131lam\u0131yor olabilir Ana Sayfaya D\u00f6n<\/p>","protected":false},"author":1,"featured_media":0,"parent":0,"menu_order":0,"comment_status":"closed","ping_status":"closed","template":"","meta":{"_seopress_robots_primary_cat":"","_seopress_titles_title":"","_seopress_titles_desc":"","_seopress_robots_index":"","_zeroy_edited":false,"_zeroy_last_edited":"","footnotes":""},"class_list":["post-211","page","type-page","status-publish","hentry"],"_links":{"self":[{"href":"https:\/\/ycpcbs.com\/tr\/wp-json\/wp\/v2\/pages\/211","targetHints":{"allow":["GET"]}}],"collection":[{"href":"https:\/\/ycpcbs.com\/tr\/wp-json\/wp\/v2\/pages"}],"about":[{"href":"https:\/\/ycpcbs.com\/tr\/wp-json\/wp\/v2\/types\/page"}],"author":[{"embeddable":true,"href":"https:\/\/ycpcbs.com\/tr\/wp-json\/wp\/v2\/users\/1"}],"replies":[{"embeddable":true,"href":"https:\/\/ycpcbs.com\/tr\/wp-json\/wp\/v2\/comments?post=211"}],"version-history":[{"count":3,"href":"https:\/\/ycpcbs.com\/tr\/wp-json\/wp\/v2\/pages\/211\/revisions"}],"predecessor-version":[{"id":2270,"href":"https:\/\/ycpcbs.com\/tr\/wp-json\/wp\/v2\/pages\/211\/revisions\/2270"}],"wp:attachment":[{"href":"https:\/\/ycpcbs.com\/tr\/wp-json\/wp\/v2\/media?parent=211"}],"curies":[{"name":"wp","href":"https:\/\/api.w.org\/{rel}","templated":true}]}}