{"id":32,"date":"2024-10-14T12:30:20","date_gmt":"2024-10-14T12:30:20","guid":{"rendered":"https:\/\/ycpcbs.com\/?page_id=32"},"modified":"2024-10-25T09:57:04","modified_gmt":"2024-10-25T09:57:04","slug":"cookies-policy","status":"publish","type":"page","link":"https:\/\/ycpcbs.com\/ro\/cookies-policy\/","title":{"rendered":"Politica cookie-urilor"},"content":{"rendered":"<p><strong>Politica Cookie<\/strong><\/p>\n<p>Hongkong YC Electronic Technology Co., Limited (\"noi,\" \"nostru\" sau \"ne\") folose\u0219te cookie-uri \u0219i tehnologii de urm\u0103rire similare pe site-ul nostru <a href=\"https:\/\/ycpcbs.com\/ro\/\"><u>https:\/\/ycpcbs.com<\/u><\/a>\u00a0(\"Site\"). Aceast\u0103 Politic\u0103 Cookie explic\u0103 ce sunt cookie-urile, cum le folosim \u0219i alegerile tale privind utilizarea lor.<\/p>\n<h3><strong><b>1. Ce sunt cookie-urile?<\/b><\/strong><\/h3>\n<p>Cookie-urile sunt fi\u0219iere mici de text plasate pe dispozitivul t\u0103u (calculator, smartphone sau alt dispozitiv electronic) atunci c\u00e2nd vizitezi un site web. Ele ne ajut\u0103 s\u0103 recunoa\u0219tem dispozitivul t\u0103u, s\u0103 ne amintim preferin\u021bele tale \u0219i s\u0103 \u00eembun\u0103t\u0103\u021bim experien\u021ba ta pe Site-ul nostru.<\/p>\n<h3><strong><b>2. Tipuri de cookie-uri pe care le folosim<\/b><\/strong><\/h3>\n<p>Folosim urm\u0103toarele tipuri de cookie-uri pe Site-ul nostru:<\/p>\n<ul>\n<li><strong>Cookie-uri esen\u021biale<\/strong>: Aceste cookie-uri sunt necesare pentru ca Site-ul s\u0103 func\u021bioneze corect. Ele \u00ee\u021bi permit s\u0103 navighezi pe Site \u0219i s\u0103 utilizezi func\u021biile sale, cum ar fi accesul \u00een zonele securizate.<\/li>\n<li><strong>Cookie-uri de performan\u021b\u0103<\/strong>: Aceste cookie-uri colecteaz\u0103 informa\u021bii despre modul \u00een care folose\u0219ti Site-ul nostru, cum ar fi paginile vizitate \u0219i eventualele erori \u00eent\u00e2lnite. Folosim aceste date pentru a \u00eembun\u0103t\u0103\u021bi performan\u021ba \u0219i experien\u021ba utilizatorului pe Site.<\/li>\n<li><strong>Cookie-uri de func\u021bionalitate<\/strong>: Aceste cookie-uri ne permit s\u0103 ne amintim preferin\u021bele tale (cum ar fi limba sau regiunea) \u0219i s\u0103 oferim o experien\u021b\u0103 mai personalizat\u0103.<\/li>\n<li><strong>Cookie-uri de targetare sau publicitate<\/strong>: Aceste cookie-uri sunt folosite pentru a-\u021bi oferi reclame relevante \u00een func\u021bie de interesele tale. De asemenea, pot fi utilizate pentru a limita num\u0103rul de afi\u0219\u0103ri ale unei reclame \u0219i pentru a m\u0103sura eficacitatea campaniilor publicitare.<\/li>\n<\/ul>\n<h3><strong><b>3. Cum folosim cookie-urile<\/b><\/strong><\/h3>\n<p>Folosim cookie-urile \u00een urm\u0103toarele scopuri:<\/p>\n<ul>\n<li><strong>Pentru a oferi servicii<\/strong>: Cookie-urile esen\u021biale ne ajut\u0103 s\u0103 oferim servicii de baz\u0103, cum ar fi accesul la contul t\u0103u sau procesarea comenzilor.<\/li>\n<li><strong>Pentru a analiza utilizarea site-ului<\/strong>: Folosim cookie-uri de performan\u021b\u0103 pentru a \u00een\u021belege modul \u00een care vizitatorii interac\u021bioneaz\u0103 cu Site-ul nostru \u0219i pentru a \u00eembun\u0103t\u0103\u021bi func\u021bionalitatea \u0219i con\u021binutul.<\/li>\n<li><strong>Pentru Personalizarea Con\u021binutului<\/strong>: Cookie-urile de func\u021bionalitate ne permit s\u0103 adapt\u0103m Site-ul la preferin\u021bele dvs.<\/li>\n<li><strong>Pentru Sus\u021binerea Eforturilor de Marketing<\/strong>: Cookie-urile de targetare ne ajut\u0103 s\u0103 afi\u0219\u0103m reclame relevante \u0219i s\u0103 urm\u0103rim eficacitatea campaniilor noastre de marketing.<\/li>\n<\/ul>\n<h3><strong><b>4. Cookie-uri de la Ter\u021bi<\/b><\/strong><\/h3>\n<p>\u00cen unele cazuri, ter\u021bi pot plasa cookie-uri pe dispozitivul dvs. prin intermediul Site-ului nostru. Aceste cookie-uri sunt de obicei utilizate pentru analiz\u0103, publicitate sau integrare cu re\u021belele sociale. Nu control\u0103m aceste cookie-uri \u0219i ar trebui s\u0103 consulta\u021bi politicile de cookie ale ter\u021bilor pentru mai multe informa\u021bii.<\/p>\n<h3><strong><b>5. Gestionarea Preferin\u021belor pentru Cookie-uri<\/b><\/strong><\/h3>\n<p>Pute\u021bi alege s\u0103 accepta\u021bi sau s\u0103 respinge\u021bi cookie-urile prin set\u0103rile browserului dvs. Majoritatea browserelor web accept\u0103 automat cookie-urile, dar pute\u021bi modifica set\u0103rile pentru a refuza cookie-urile dac\u0103 prefera\u021bi. Re\u021bine\u021bi c\u0103 dezactivarea cookie-urilor poate afecta func\u021bionalitatea Site-ului nostru.<\/p>\n<h3><strong><b>6. Modific\u0103ri ale acestei Politici de Cookie-uri<\/b><\/strong><\/h3>\n<p>Putem actualiza aceast\u0103 Politic\u0103 de Cookie-uri din c\u00e2nd \u00een c\u00e2nd. Orice modific\u0103ri vor fi afi\u0219ate pe aceast\u0103 pagin\u0103, iar versiunea revizuit\u0103 va fi valabil\u0103 imediat dup\u0103 postare.<\/p>\n<h3><strong><b>7. Contacta\u021bi-ne<\/b><\/strong><\/h3>\n<p>Dac\u0103 ave\u021bi \u00eentreb\u0103ri despre utilizarea cookie-urilor sau aceast\u0103 Politic\u0103 de Cookie-uri, v\u0103 rug\u0103m s\u0103 ne contacta\u021bi la:<\/p>\n<p>Hongkong YC Electronic Technology Co., Limited<br \/>\nAdresa: Comunitatea Bogang, Strada Shajing, Districtul Baoan, Shenzhen, Guangdong, China<br \/>\nEmail: sales@ycelectronic.com<br \/>\nTelefon:+86-0755-2709-5550<\/p>\n<p>Continu\u00e2nd s\u0103 utiliza\u021bi Site-ul nostru, v\u0103 exprima\u021bi consim\u021b\u0103m\u00e2ntul pentru utilizarea cookie-urilor conform acestei Politici de Cookie-uri.<\/p>","protected":false},"excerpt":{"rendered":"<p>Politica de cookie-uri Hongkong YC Electronic Technology Co., Limited (\u201cnoi\u201d, \u201cnostru\u201d sau \u201cne\u201d) folose\u0219te cookie-uri \u0219i tehnologii similare de urm\u0103rire pe site-ul nostru https:\/\/ycpcbs.com (\u201cSite\u201d). Aceast\u0103 Politic\u0103 de cookie-uri explic\u0103 ce sunt cookie-urile, cum le folosim \u0219i op\u021biunile tale privind utilizarea lor. 1. Ce sunt cookie-urile? Cookie-urile sunt fi\u0219iere mici de text plasate pe dispozitivul t\u0103u (calculator, smartphone sau [\u2026]<\/p>","protected":false},"author":1,"featured_media":0,"parent":0,"menu_order":0,"comment_status":"closed","ping_status":"closed","template":"","meta":{"_seopress_robots_primary_cat":"","_seopress_titles_title":"","_seopress_titles_desc":"","_seopress_robots_index":"","_zeroy_edited":false,"_zeroy_last_edited":"","footnotes":""},"class_list":["post-32","page","type-page","status-publish","hentry"],"_links":{"self":[{"href":"https:\/\/ycpcbs.com\/ro\/wp-json\/wp\/v2\/pages\/32","targetHints":{"allow":["GET"]}}],"collection":[{"href":"https:\/\/ycpcbs.com\/ro\/wp-json\/wp\/v2\/pages"}],"about":[{"href":"https:\/\/ycpcbs.com\/ro\/wp-json\/wp\/v2\/types\/page"}],"author":[{"embeddable":true,"href":"https:\/\/ycpcbs.com\/ro\/wp-json\/wp\/v2\/users\/1"}],"replies":[{"embeddable":true,"href":"https:\/\/ycpcbs.com\/ro\/wp-json\/wp\/v2\/comments?post=32"}],"version-history":[{"count":0,"href":"https:\/\/ycpcbs.com\/ro\/wp-json\/wp\/v2\/pages\/32\/revisions"}],"wp:attachment":[{"href":"https:\/\/ycpcbs.com\/ro\/wp-json\/wp\/v2\/media?parent=32"}],"curies":[{"name":"wp","href":"https:\/\/api.w.org\/{rel}","templated":true}]}}