{"id":3,"date":"2024-10-12T10:28:54","date_gmt":"2024-10-12T10:28:54","guid":{"rendered":"http:\/\/ycpcbs.com\/?page_id=3"},"modified":"2024-10-25T09:53:57","modified_gmt":"2024-10-25T09:53:57","slug":"privacy-policy","status":"publish","type":"page","link":"https:\/\/ycpcbs.com\/pt\/privacy-policy\/","title":{"rendered":"Pol\u00edtica de Privacidade"},"content":{"rendered":"<p><strong>Pol\u00edtica de Privacidade<\/strong><\/p>\n<p>Hongkong YC Electronic Technology Co., Limited (\"n\u00f3s\", \"nos\", ou \"nosso\") compromete-se a proteger a sua privacidade. Esta Pol\u00edtica de Privacidade descreve como recolhemos, usamos, divulgamos e protegemos as suas informa\u00e7\u00f5es quando visita o nosso site <a href=\"https:\/\/ycpcbs.com\/pt\/\"><u>https:\/\/ycpcbs.com<\/u><\/a>\u00a0(\"Site\") ou utiliza os nossos servi\u00e7os. Leia atentamente esta pol\u00edtica para compreender as nossas opini\u00f5es e pr\u00e1ticas relativas aos seus dados pessoais e como os trataremos.<\/p>\n<h3><strong><b>1. Informa\u00e7\u00e3o que Recolhemos<\/b><\/strong><\/h3>\n<p>Podemos recolher informa\u00e7\u00f5es pessoais de v\u00e1rias formas, incluindo:<\/p>\n<ul>\n<li><strong>Informa\u00e7\u00f5es de Identifica\u00e7\u00e3o Pessoal<\/strong>: Quando visita o nosso Site, se regista no nosso Site, faz um pedido ou preenche um formul\u00e1rio, podemos recolher informa\u00e7\u00f5es pessoais como o seu nome, endere\u00e7o de email, n\u00famero de telefone e detalhes da empresa.<\/li>\n<li><strong>Informa\u00e7\u00f5es de Identifica\u00e7\u00e3o N\u00e3o Pessoal<\/strong>: Tamb\u00e9m podemos recolher informa\u00e7\u00f5es de identifica\u00e7\u00e3o n\u00e3o pessoal sobre si sempre que interagir com o nosso Site. Isto pode incluir o seu endere\u00e7o IP, tipo de navegador, sistema operativo, as p\u00e1ginas do nosso Site que visita, e outros dados de diagn\u00f3stico.<\/li>\n<\/ul>\n<h3><strong><b>2. Como usamos as suas informa\u00e7\u00f5es<\/b><\/strong><\/h3>\n<p>Usamos as informa\u00e7\u00f5es que recolhemos para os seguintes fins:<\/p>\n<ul>\n<li><strong>Para fornecer servi\u00e7os<\/strong>: Para processar os seus pedidos, fornecer os produtos e servi\u00e7os que solicita, e gerir a sua conta.<\/li>\n<li><strong>Atendimento ao Cliente<\/strong>: Para responder \u00e0s suas perguntas, fornecer suporte ao cliente, e resolver quaisquer quest\u00f5es.<\/li>\n<li><strong>Melhorando o Nosso Website<\/strong>: Para melhorar o conte\u00fado, funcionalidade e usabilidade do nosso site com base no seu feedback.<\/li>\n<li><strong>Marketing e Comunica\u00e7\u00f5es<\/strong>: Com o seu consentimento, podemos enviar-lhe e-mails promocionais sobre os nossos produtos, servi\u00e7os e ofertas especiais.<\/li>\n<\/ul>\n<h3><strong><b>3. Compartilhar as suas informa\u00e7\u00f5es<\/b><\/strong><\/h3>\n<p>N\u00e3o vendemos, trocamos ou alugamos as suas informa\u00e7\u00f5es pessoais a terceiros. No entanto, podemos partilhar as suas informa\u00e7\u00f5es com terceiros nos seguintes casos:<\/p>\n<ul>\n<li><strong>Fornecedores de Servi\u00e7os<\/strong>: Podemos partilhar as suas informa\u00e7\u00f5es com fornecedores de servi\u00e7os terceiros que realizam servi\u00e7os em nosso nome, como processamento de pagamentos, envio e distribui\u00e7\u00e3o de e-mails.<\/li>\n<li><strong>Conformidade com Obriga\u00e7\u00f5es Legais<\/strong>Podemos divulgar as suas informa\u00e7\u00f5es quando exigido por lei, regulamento ou processo legal, como em resposta a uma ordem judicial ou solicita\u00e7\u00e3o governamental.<\/li>\n<\/ul>\n<h3><strong><b>4. Cookies e Tecnologias de Rastreamento<\/b><\/strong><\/h3>\n<p>O nosso Site utiliza cookies e tecnologias de rastreamento semelhantes para melhorar a sua experi\u00eancia. Os cookies s\u00e3o pequenos ficheiros armazenados no seu dispositivo que nos ajudam a entender como utiliza o nosso Site. Pode optar por desativar os cookies atrav\u00e9s das configura\u00e7\u00f5es do seu navegador, mas isso pode afetar a funcionalidade do Site.<\/p>\n<h3><strong><b>5. Seguran\u00e7a de Dados<\/b><\/strong><\/h3>\n<p>Implementamos medidas t\u00e9cnicas e organizacionais apropriadas para proteger as suas informa\u00e7\u00f5es pessoais contra acesso n\u00e3o autorizado, altera\u00e7\u00e3o, divulga\u00e7\u00e3o ou destrui\u00e7\u00e3o. No entanto, nenhum m\u00e9todo de transmiss\u00e3o pela Internet ou m\u00e9todo de armazenamento eletr\u00f3nico \u00e9 100% seguro e n\u00e3o podemos garantir seguran\u00e7a absoluta.<\/p>\n<h3><strong><b>6. Os Seus Direitos<\/b><\/strong><\/h3>\n<p>Tem os seguintes direitos em rela\u00e7\u00e3o aos seus dados pessoais:<\/p>\n<ul>\n<li><strong>Acesso<\/strong>: Pode solicitar uma c\u00f3pia dos dados pessoais que detemos sobre si.<\/li>\n<li><strong>Retifica\u00e7\u00e3o<\/strong>: Pode solicitar que corrijamos qualquer informa\u00e7\u00e3o imprecisa ou incompleta.<\/li>\n<li><strong>Elimina\u00e7\u00e3o<\/strong>: Tem o direito de solicitar a elimina\u00e7\u00e3o dos seus dados pessoais, sujeito a certas exce\u00e7\u00f5es legais.<\/li>\n<li><strong>Oposi\u00e7\u00e3o<\/strong>: Pode opor-se ao processamento dos seus dados pessoais em determinadas circunst\u00e2ncias.<\/li>\n<\/ul>\n<p>Para exercer esses direitos, por favor, contacte-nos usando os detalhes fornecidos abaixo.<\/p>\n<h3><strong><b>7. Transfer\u00eancias Internacionais<\/b><\/strong><\/h3>\n<p>As suas informa\u00e7\u00f5es podem ser transferidas para, e processadas em, pa\u00edses diferentes daquele em que reside. Esses pa\u00edses podem ter leis de prote\u00e7\u00e3o de dados diferentes das do seu pa\u00eds. Nesses casos, garantiremos que os seus dados sejam protegidos por salvaguardas adequadas.<\/p>\n<h3><strong><b>8. Altera\u00e7\u00f5es a Esta Pol\u00edtica de Privacidade<\/b><\/strong><\/h3>\n<p>Podemos atualizar esta Pol\u00edtica de Privacidade periodicamente. Notific\u00e1-lo-emos de quaisquer altera\u00e7\u00f5es publicando a nova Pol\u00edtica de Privacidade nesta p\u00e1gina, e a vers\u00e3o revista entrar\u00e1 em vigor imediatamente ap\u00f3s a publica\u00e7\u00e3o.<\/p>\n<h3><strong><b>9. Contacte-Nos<\/b><\/strong><\/h3>\n<p>Se tiver alguma d\u00favida sobre esta Pol\u00edtica de Privacidade ou as nossas pr\u00e1ticas de dados, por favor contacte-nos em:<\/p>\n<p>Hongkong YC Electronic Technology Co., Limited<br \/>Endere\u00e7o: Comunidade de Bogang, Rua Shajing, Distrito de Baoan, Shenzhen, Guangdong, China<br \/>Email: sales@ycelectronic.com<br \/>Telefone: +86-0755-2709-5550<\/p>\n<p>Ao usar o nosso Site, consente com a nossa Pol\u00edtica de Privacidade e concorda com os seus termos.<\/p>","protected":false},"excerpt":{"rendered":"<p>Pol\u00edtica de Privacidade A Hongkong YC Electronic Technology Co., Limited (\u201cn\u00f3s\u201d, \u201cnosso\u201d ou \u201cnos\u201d) compromete-se a proteger a sua privacidade. Esta Pol\u00edtica de Privacidade descreve como recolhemos, usamos, divulgamos e protegemos as suas informa\u00e7\u00f5es quando visita o nosso website https:\/\/ycpcbs.com (\u201cSite\u201d) ou utiliza os nossos servi\u00e7os. Por favor, leia esta pol\u00edtica cuidadosamente para compreender as nossas opini\u00f5es e pr\u00e1ticas relativamente \u00e0s suas informa\u00e7\u00f5es pessoais [\u2026]<\/p>","protected":false},"author":1,"featured_media":0,"parent":0,"menu_order":0,"comment_status":"closed","ping_status":"open","template":"","meta":{"_seopress_robots_primary_cat":"","_seopress_titles_title":"","_seopress_titles_desc":"","_seopress_robots_index":"","_zeroy_edited":false,"_zeroy_last_edited":"","footnotes":""},"class_list":["post-3","page","type-page","status-publish","hentry"],"_links":{"self":[{"href":"https:\/\/ycpcbs.com\/pt\/wp-json\/wp\/v2\/pages\/3","targetHints":{"allow":["GET"]}}],"collection":[{"href":"https:\/\/ycpcbs.com\/pt\/wp-json\/wp\/v2\/pages"}],"about":[{"href":"https:\/\/ycpcbs.com\/pt\/wp-json\/wp\/v2\/types\/page"}],"author":[{"embeddable":true,"href":"https:\/\/ycpcbs.com\/pt\/wp-json\/wp\/v2\/users\/1"}],"replies":[{"embeddable":true,"href":"https:\/\/ycpcbs.com\/pt\/wp-json\/wp\/v2\/comments?post=3"}],"version-history":[{"count":0,"href":"https:\/\/ycpcbs.com\/pt\/wp-json\/wp\/v2\/pages\/3\/revisions"}],"wp:attachment":[{"href":"https:\/\/ycpcbs.com\/pt\/wp-json\/wp\/v2\/media?parent=3"}],"curies":[{"name":"wp","href":"https:\/\/api.w.org\/{rel}","templated":true}]}}