{"id":32,"date":"2024-10-14T12:30:20","date_gmt":"2024-10-14T12:30:20","guid":{"rendered":"https:\/\/ycpcbs.com\/?page_id=32"},"modified":"2024-10-25T09:57:04","modified_gmt":"2024-10-25T09:57:04","slug":"cookies-policy","status":"publish","type":"page","link":"https:\/\/ycpcbs.com\/pl\/cookies-policy\/","title":{"rendered":"Polityka plik\u00f3w cookie"},"content":{"rendered":"<p><strong>Polityka Cookies<\/strong><\/p>\n<p>Hongkong YC Electronic Technology Co., Limited (\"my\", \"nasz\" lub \"nas\") u\u017cywa plik\u00f3w cookie i podobnych technologii \u015bledz\u0105cych na naszej stronie internetowej <a href=\"https:\/\/ycpcbs.com\/pl\/\"><u>https:\/\/ycpcbs.com<\/u><\/a>\u00a0(\"Strona\"). Niniejsza Polityka Cookies wyja\u015bnia, czym s\u0105 pliki cookie, jak je wykorzystujemy oraz Twoje wybory dotycz\u0105ce ich u\u017cycia.<\/p>\n<h3><strong><b>1. Czym s\u0105 pliki cookie?<\/b><\/strong><\/h3>\n<p>Pliki cookie to ma\u0142e pliki tekstowe umieszczane na Twoim urz\u0105dzeniu (komputerze, smartfonie lub innym urz\u0105dzeniu elektronicznym) podczas odwiedzania strony internetowej. Pomagaj\u0105 nam rozpoznawa\u0107 Twoje urz\u0105dzenie, zapami\u0119tywa\u0107 Twoje preferencje i ulepsza\u0107 Twoje do\u015bwiadczenia na naszej Stronie.<\/p>\n<h3><strong><b>2. Rodzaje plik\u00f3w cookie, kt\u00f3re u\u017cywamy<\/b><\/strong><\/h3>\n<p>U\u017cywamy nast\u0119puj\u0105cych rodzaj\u00f3w plik\u00f3w cookie na naszej Stronie:<\/p>\n<ul>\n<li><strong>Niezb\u0119dne pliki cookie<\/strong>: Te pliki cookie s\u0105 konieczne do prawid\u0142owego funkcjonowania Strony. Umo\u017cliwiaj\u0105 nawigacj\u0119 po stronie i korzystanie z jej funkcji, takich jak dost\u0119p do bezpiecznych obszar\u00f3w.<\/li>\n<li><strong>Pliki cookie wydajno\u015bciowe<\/strong>: Te pliki cookie zbieraj\u0105 informacje o tym, jak korzystasz z naszej Strony, na przyk\u0142ad kt\u00f3re strony odwiedzasz i jakie b\u0142\u0119dy napotykasz. U\u017cywamy tych danych, aby poprawi\u0107 wydajno\u015b\u0107 i do\u015bwiadczenie u\u017cytkownika na stronie.<\/li>\n<li><strong>Pliki cookie funkcjonalne<\/strong>: Te pliki cookie pozwalaj\u0105 nam zapami\u0119tywa\u0107 Twoje preferencje (np. j\u0119zyk lub region) i zapewnia\u0107 bardziej spersonalizowane do\u015bwiadczenie.<\/li>\n<li><strong>Pliki cookie targetuj\u0105ce lub reklamowe<\/strong>: Te pliki cookie s\u0142u\u017c\u0105 do wy\u015bwietlania odpowiednich reklam na podstawie Twoich zainteresowa\u0144. Mog\u0105 by\u0107 r\u00f3wnie\u017c u\u017cywane do ograniczenia liczby wy\u015bwietle\u0144 reklamy i pomiaru skuteczno\u015bci kampanii reklamowych.<\/li>\n<\/ul>\n<h3><strong><b>3. Jak u\u017cywamy plik\u00f3w cookie<\/b><\/strong><\/h3>\n<p>U\u017cywamy plik\u00f3w cookie do nast\u0119puj\u0105cych cel\u00f3w:<\/p>\n<ul>\n<li><strong>Aby \u015bwiadczy\u0107 us\u0142ugi<\/strong>: Niezb\u0119dne pliki cookie pomagaj\u0105 nam zapewni\u0107 podstawowe us\u0142ugi, takie jak dost\u0119p do Twojego konta lub realizacja zam\u00f3wie\u0144.<\/li>\n<li><strong>Do analizy korzystania ze strony<\/strong>: U\u017cywamy plik\u00f3w cookie wydajno\u015bciowych, aby zrozumie\u0107, jak odwiedzaj\u0105cy wchodz\u0105 w interakcj\u0119 z nasz\u0105 Stron\u0105 oraz aby ulepszy\u0107 funkcjonalno\u015b\u0107 i zawarto\u015b\u0107.<\/li>\n<li><strong>Aby spersonalizowa\u0107 tre\u015bci<\/strong>: Pliki cookie funkcjonalne pozwalaj\u0105 nam dostosowa\u0107 Stron\u0119 do Twoich preferencji.<\/li>\n<li><strong>Aby wspiera\u0107 dzia\u0142ania marketingowe<\/strong>: Pliki cookie targetuj\u0105ce pomagaj\u0105 nam wy\u015bwietla\u0107 odpowiednie reklamy i monitorowa\u0107 skuteczno\u015b\u0107 naszych dzia\u0142a\u0144 marketingowych.<\/li>\n<\/ul>\n<h3><strong><b>4. Pliki cookie stron trzecich<\/b><\/strong><\/h3>\n<p>W niekt\u00f3rych przypadkach strony trzecie mog\u0105 umieszcza\u0107 pliki cookie na Twoim urz\u0105dzeniu za po\u015brednictwem naszej Strony. Pliki cookie te s\u0105 zwykle u\u017cywane do analityki, reklamy lub integracji z mediami spo\u0142eczno\u015bciowymi. Nie kontrolujemy tych plik\u00f3w cookie, dlatego zalecamy zapoznanie si\u0119 z politykami plik\u00f3w cookie tych stron trzecich.<\/p>\n<h3><strong><b>5. Zarz\u0105dzanie preferencjami plik\u00f3w cookie<\/b><\/strong><\/h3>\n<p>Mo\u017cesz wybra\u0107 akceptacj\u0119 lub odrzucenie plik\u00f3w cookie za pomoc\u0105 ustawie\u0144 przegl\u0105darki. Wi\u0119kszo\u015b\u0107 przegl\u0105darek internetowych automatycznie akceptuje pliki cookie, ale mo\u017cesz zmieni\u0107 ustawienia, aby odrzuci\u0107 pliki cookie, je\u015bli wolisz. Nale\u017cy pami\u0119ta\u0107, \u017ce wy\u0142\u0105czenie plik\u00f3w cookie mo\u017ce wp\u0142yn\u0105\u0107 na funkcjonalno\u015b\u0107 naszej Strony.<\/p>\n<h3><strong><b>6. Zmiany w niniejszej Polityce plik\u00f3w cookie<\/b><\/strong><\/h3>\n<p>Mo\u017cemy od czasu do czasu aktualizowa\u0107 t\u0119 Polityk\u0119 plik\u00f3w cookie. Wszelkie zmiany b\u0119d\u0105 publikowane na tej stronie, a zaktualizowana wersja wejdzie w \u017cycie natychmiast po opublikowaniu.<\/p>\n<h3><strong><b>7. Kontakt z nami<\/b><\/strong><\/h3>\n<p>Je\u015bli masz jakiekolwiek pytania dotycz\u0105ce naszej u\u017cycia plik\u00f3w cookie lub tej Polityki plik\u00f3w cookie, skontaktuj si\u0119 z nami pod adresem:<\/p>\n<p>Hongkong YC Electronic Technology Co., Limited<br \/>\nAdres: Spo\u0142eczno\u015b\u0107 Bogang, ulica Shajing, dzielnica Baoan, Shenzhen, Guangdong, Chiny<br \/>\nE-mail: sales@ycelectronic.com<br \/>\nTelefon: +86-0755-2709-5550<\/p>\n<p>Kontynuuj\u0105c korzystanie z naszej Strony, wyra\u017casz zgod\u0119 na u\u017cycie plik\u00f3w cookie zgodnie z niniejsz\u0105 Polityk\u0105 plik\u00f3w cookie.<\/p>","protected":false},"excerpt":{"rendered":"<p>Polityka plik\u00f3w cookie Hongkong YC Electronic Technology Co., Limited (\u201cmy\u201d, \u201cnasz\u201d, lub \u201cnas\u201d) u\u017cywa plik\u00f3w cookie i podobnych technologii \u015bledz\u0105cych na naszej stronie internetowej https:\/\/ycpcbs.com (\u201cStrona\u201d). Niniejsza Polityka plik\u00f3w cookie wyja\u015bnia, czym s\u0105 pliki cookie, jak je u\u017cywamy oraz Twoje wybory dotycz\u0105ce ich u\u017cycia. 1. Czym s\u0105 pliki cookie? Pliki cookie to ma\u0142e pliki tekstowe umieszczane na Twoim urz\u0105dzeniu (komputerze, smartfonie, lub [\u2026]<\/p>","protected":false},"author":1,"featured_media":0,"parent":0,"menu_order":0,"comment_status":"closed","ping_status":"closed","template":"","meta":{"_seopress_robots_primary_cat":"","_seopress_titles_title":"","_seopress_titles_desc":"","_seopress_robots_index":"","_zeroy_edited":false,"_zeroy_last_edited":"","footnotes":""},"class_list":["post-32","page","type-page","status-publish","hentry"],"_links":{"self":[{"href":"https:\/\/ycpcbs.com\/pl\/wp-json\/wp\/v2\/pages\/32","targetHints":{"allow":["GET"]}}],"collection":[{"href":"https:\/\/ycpcbs.com\/pl\/wp-json\/wp\/v2\/pages"}],"about":[{"href":"https:\/\/ycpcbs.com\/pl\/wp-json\/wp\/v2\/types\/page"}],"author":[{"embeddable":true,"href":"https:\/\/ycpcbs.com\/pl\/wp-json\/wp\/v2\/users\/1"}],"replies":[{"embeddable":true,"href":"https:\/\/ycpcbs.com\/pl\/wp-json\/wp\/v2\/comments?post=32"}],"version-history":[{"count":0,"href":"https:\/\/ycpcbs.com\/pl\/wp-json\/wp\/v2\/pages\/32\/revisions"}],"wp:attachment":[{"href":"https:\/\/ycpcbs.com\/pl\/wp-json\/wp\/v2\/media?parent=32"}],"curies":[{"name":"wp","href":"https:\/\/api.w.org\/{rel}","templated":true}]}}