{"id":3,"date":"2024-10-12T10:28:54","date_gmt":"2024-10-12T10:28:54","guid":{"rendered":"http:\/\/ycpcbs.com\/?page_id=3"},"modified":"2024-10-25T09:53:57","modified_gmt":"2024-10-25T09:53:57","slug":"privacy-policy","status":"publish","type":"page","link":"https:\/\/ycpcbs.com\/pl\/privacy-policy\/","title":{"rendered":"Polityka Prywatno\u015bci"},"content":{"rendered":"<p><strong>Polityka Prywatno\u015bci<\/strong><\/p>\n<p>Hongkong YC Electronic Technology Co., Limited (\"my\", \"nasz\" lub \"nas\") zobowi\u0105zuje si\u0119 do ochrony Twojej prywatno\u015bci. Niniejsza Polityka Prywatno\u015bci opisuje, jak zbieramy, u\u017cywamy, ujawniamy i chronimy Twoje informacje, gdy odwiedzasz nasz\u0105 stron\u0119 internetow\u0105 <a href=\"https:\/\/ycpcbs.com\/pl\/\"><u>https:\/\/ycpcbs.com<\/u><\/a>\u00a0(\"Strona\") lub korzystasz z naszych us\u0142ug. Prosimy o uwa\u017cne przeczytanie tej polityki, aby zrozumie\u0107 nasze pogl\u0105dy i praktyki dotycz\u0105ce Twoich danych osobowych oraz jak b\u0119dziemy je traktowa\u0107.<\/p>\n<h3><strong><b>1. Informacje, kt\u00f3re zbieramy<\/b><\/strong><\/h3>\n<p>Mo\u017cemy zbiera\u0107 dane osobowe na r\u00f3\u017cne sposoby, w tym:<\/p>\n<ul>\n<li><strong>Dane identyfikacyjne osobowe<\/strong>: Gdy odwiedzasz nasz\u0105 Stron\u0119, rejestrujesz si\u0119 na niej, sk\u0142adasz zam\u00f3wienie lub wype\u0142niasz formularz, mo\u017cemy zbiera\u0107 dane osobowe, takie jak Twoje imi\u0119, adres e-mail, numer telefonu i dane firmy.<\/li>\n<li><strong>Dane nieosobowe identyfikacyjne<\/strong>: Mo\u017cemy r\u00f3wnie\u017c zbiera\u0107 nieosobowe informacje identyfikacyjne o Tobie za ka\u017cdym razem, gdy wchodzisz na nasz\u0105 Stron\u0119. Mo\u017ce to obejmowa\u0107 Tw\u00f3j adres IP, typ przegl\u0105darki, system operacyjny, strony naszej Strony, kt\u00f3re odwiedzasz, oraz inne dane diagnostyczne.<\/li>\n<\/ul>\n<h3><strong><b>2. Jak wykorzystujemy Twoje informacje<\/b><\/strong><\/h3>\n<p>U\u017cywamy zebranych informacji do nast\u0119puj\u0105cych cel\u00f3w:<\/p>\n<ul>\n<li><strong>Aby \u015bwiadczy\u0107 us\u0142ugi<\/strong>: Aby przetwarza\u0107 Twoje zam\u00f3wienia, dostarcza\u0107 \u017c\u0105dane produkty i us\u0142ugi oraz zarz\u0105dza\u0107 Twoim kontem.<\/li>\n<li><strong>Obs\u0142uga klienta<\/strong>: Aby odpowiada\u0107 na Twoje zapytania, zapewnia\u0107 obs\u0142ug\u0119 klienta i rozwi\u0105zywa\u0107 wszelkie problemy.<\/li>\n<li><strong>Ulepszanie naszej strony internetowej<\/strong>: Aby poprawi\u0107 zawarto\u015b\u0107, funkcjonalno\u015b\u0107 i u\u017cyteczno\u015b\u0107 naszej strony internetowej na podstawie Twojej opinii.<\/li>\n<li><strong>Marketing i Komunikacja<\/strong>: Za Twoj\u0105 zgod\u0105 mo\u017cemy wysy\u0142a\u0107 Ci e-maile promocyjne dotycz\u0105ce naszych produkt\u00f3w, us\u0142ug i specjalnych ofert.<\/li>\n<\/ul>\n<h3><strong><b>3. Udost\u0119pnianie Twoich informacji<\/b><\/strong><\/h3>\n<p>Nie sprzedajemy, nie wymieniamy ani nie wynajmujemy Twoich danych osobowych innym. Jednak\u017ce mo\u017cemy udost\u0119pnia\u0107 Twoje informacje stronom trzecim w nast\u0119puj\u0105cych przypadkach:<\/p>\n<ul>\n<li><strong>Dostawcy us\u0142ug<\/strong>: Mo\u017cemy udost\u0119pnia\u0107 Twoje informacje zewn\u0119trznym dostawcom us\u0142ug, kt\u00f3rzy wykonuj\u0105 us\u0142ugi w naszym imieniu, takie jak obs\u0142uga p\u0142atno\u015bci, wysy\u0142ka i dystrybucja e-maili.<\/li>\n<li><strong>Zgodno\u015b\u0107 z obowi\u0105zuj\u0105cym prawem<\/strong>: Mo\u017cemy ujawni\u0107 Twoje informacje, gdy jest to wymagane przez prawo, regulacje lub post\u0119powanie prawne, na przyk\u0142ad w odpowiedzi na nakaz s\u0105dowy lub \u017c\u0105danie rz\u0105du.<\/li>\n<\/ul>\n<h3><strong><b>4. Pliki cookie i technologie \u015bledz\u0105ce<\/b><\/strong><\/h3>\n<p>Nasza Strona u\u017cywa plik\u00f3w cookie i podobnych technologii \u015bledz\u0105cych, aby poprawi\u0107 Twoje do\u015bwiadczenia. Pliki cookie to ma\u0142e pliki przechowywane na Twoim urz\u0105dzeniu, kt\u00f3re pomagaj\u0105 nam zrozumie\u0107, jak korzystasz z naszej Strony. Mo\u017cesz wybra\u0107 wy\u0142\u0105czenie plik\u00f3w cookie w ustawieniach przegl\u0105darki, ale mo\u017ce to wp\u0142yn\u0105\u0107 na funkcjonalno\u015b\u0107 Strony.<\/p>\n<h3><strong><b>5. Bezpiecze\u0144stwo danych<\/b><\/strong><\/h3>\n<p>Wdra\u017camy odpowiednie \u015brodki techniczne i organizacyjne, aby chroni\u0107 Twoje dane osobowe przed nieautoryzowanym dost\u0119pem, zmian\u0105, ujawnieniem lub zniszczeniem. Jednak \u017cadna metoda transmisji przez Internet ani metoda elektronicznego przechowywania nie jest w 100% bezpieczna, i nie mo\u017cemy zagwarantowa\u0107 absolutnego bezpiecze\u0144stwa.<\/p>\n<h3><strong><b>6. Twoje prawa<\/b><\/strong><\/h3>\n<p>Masz nast\u0119puj\u0105ce prawa dotycz\u0105ce Twoich danych osobowych:<\/p>\n<ul>\n<li><strong>Dost\u0119p<\/strong>: Mo\u017cesz poprosi\u0107 o kopi\u0119 danych osobowych, kt\u00f3re posiadamy na Tw\u00f3j temat.<\/li>\n<li><strong>Poprawa<\/strong>: Mo\u017cesz za\u017c\u0105da\u0107 poprawienia nie\u015bcis\u0142ych lub niekompletnych informacji.<\/li>\n<li><strong>Usuni\u0119cie<\/strong>: Masz prawo za\u017c\u0105da\u0107 usuni\u0119cia swoich danych osobowych, z zastrze\u017ceniem pewnych wyj\u0105tk\u00f3w prawnych.<\/li>\n<li><strong>Sprzeciw<\/strong>: Mo\u017cesz sprzeciwi\u0107 si\u0119 przetwarzaniu Twoich danych osobowych w okre\u015blonych okoliczno\u015bciach.<\/li>\n<\/ul>\n<p>Aby skorzysta\u0107 z tych praw, skontaktuj si\u0119 z nami, korzystaj\u0105c z danych kontaktowych podanych poni\u017cej.<\/p>\n<h3><strong><b>7. Mi\u0119dzynarodowe przelewy<\/b><\/strong><\/h3>\n<p>Twoje informacje mog\u0105 by\u0107 przekazywane do, i przetwarzane w, krajach innych ni\u017c kraj, w kt\u00f3rym jeste\u015b mieszka\u0144cem. Kraje te mog\u0105 mie\u0107 przepisy dotycz\u0105ce ochrony danych r\u00f3\u017cni\u0105ce si\u0119 od tych obowi\u0105zuj\u0105cych w Twoim kraju. W takich przypadkach zapewnimy, \u017ce Twoje dane b\u0119d\u0105 chronione odpowiednimi \u015brodkami ostro\u017cno\u015bci.<\/p>\n<h3><strong><b>8. Zmiany w niniejszej Polityce Prywatno\u015bci<\/b><\/strong><\/h3>\n<p>Mo\u017cemy od czasu do czasu aktualizowa\u0107 t\u0119 Polityk\u0119 Prywatno\u015bci. Powiadomimy Ci\u0119 o wszelkich zmianach, publikuj\u0105c now\u0105 wersj\u0119 Polityki Prywatno\u015bci na tej stronie, a zaktualizowana wersja b\u0119dzie obowi\u0105zywa\u0107 od razu po opublikowaniu.<\/p>\n<h3><strong><b>9. Kontakt z nami<\/b><\/strong><\/h3>\n<p>Je\u015bli masz jakiekolwiek pytania dotycz\u0105ce tej Polityki Prywatno\u015bci lub naszych praktyk dotycz\u0105cych danych, skontaktuj si\u0119 z nami pod adresem:<\/p>\n<p>Hongkong YC Electronic Technology Co., Limited<br \/>Adres: Spo\u0142eczno\u015b\u0107 Bogang, ulica Shajing, dzielnica Baoan, Shenzhen, Guangdong, Chiny<br \/>E-mail: sales@ycelectronic.com<br \/>Telefon: +86-0755-2709-5550<\/p>\n<p>Korzystaj\u0105c z naszej Strony, wyra\u017casz zgod\u0119 na nasz\u0105 Polityk\u0119 Prywatno\u015bci i akceptujesz jej warunki.<\/p>","protected":false},"excerpt":{"rendered":"<p>Polityka Prywatno\u015bci Hongkong YC Electronic Technology Co., Limited (\u201cmy\u201d, \u201cnasz\u201d, \u201cnas\u201d) zobowi\u0105zuje si\u0119 do ochrony Twojej prywatno\u015bci. Niniejsza Polityka Prywatno\u015bci opisuje, jak zbieramy, u\u017cywamy, ujawniamy i chronimy Twoje informacje podczas odwiedzania naszej strony internetowej https:\/\/ycpcbs.com (\u201cStrona\u201d) lub korzystania z naszych us\u0142ug. Prosimy o dok\u0142adne zapoznanie si\u0119 z t\u0105 polityk\u0105, aby zrozumie\u0107 nasze pogl\u0105dy i praktyki dotycz\u0105ce Twoich danych osobowych [\u2026]<\/p>","protected":false},"author":1,"featured_media":0,"parent":0,"menu_order":0,"comment_status":"closed","ping_status":"open","template":"","meta":{"_seopress_robots_primary_cat":"","_seopress_titles_title":"","_seopress_titles_desc":"","_seopress_robots_index":"","_zeroy_edited":false,"_zeroy_last_edited":"","footnotes":""},"class_list":["post-3","page","type-page","status-publish","hentry"],"_links":{"self":[{"href":"https:\/\/ycpcbs.com\/pl\/wp-json\/wp\/v2\/pages\/3","targetHints":{"allow":["GET"]}}],"collection":[{"href":"https:\/\/ycpcbs.com\/pl\/wp-json\/wp\/v2\/pages"}],"about":[{"href":"https:\/\/ycpcbs.com\/pl\/wp-json\/wp\/v2\/types\/page"}],"author":[{"embeddable":true,"href":"https:\/\/ycpcbs.com\/pl\/wp-json\/wp\/v2\/users\/1"}],"replies":[{"embeddable":true,"href":"https:\/\/ycpcbs.com\/pl\/wp-json\/wp\/v2\/comments?post=3"}],"version-history":[{"count":0,"href":"https:\/\/ycpcbs.com\/pl\/wp-json\/wp\/v2\/pages\/3\/revisions"}],"wp:attachment":[{"href":"https:\/\/ycpcbs.com\/pl\/wp-json\/wp\/v2\/media?parent=3"}],"curies":[{"name":"wp","href":"https:\/\/api.w.org\/{rel}","templated":true}]}}