{"id":32,"date":"2024-10-14T12:30:20","date_gmt":"2024-10-14T12:30:20","guid":{"rendered":"https:\/\/ycpcbs.com\/?page_id=32"},"modified":"2024-10-25T09:57:04","modified_gmt":"2024-10-25T09:57:04","slug":"cookies-policy","status":"publish","type":"page","link":"https:\/\/ycpcbs.com\/hu\/cookies-policy\/","title":{"rendered":"S\u00fctikezel\u00e9si Szab\u00e1lyzat"},"content":{"rendered":"<p><strong>S\u00fcti Szab\u00e1lyzat<\/strong><\/p>\n<p>Hongkong YC Electronic Technology Co., Limited (\"mi\", \"mi\u00e9nk\" vagy \"mink\") cookie-kat \u00e9s hasonl\u00f3 nyomk\u00f6vet\u0151 technol\u00f3gi\u00e1kat haszn\u00e1l weboldalunkon <a href=\"https:\/\/ycpcbs.com\/hu\/\"><u>https:\/\/ycpcbs.com<\/u><\/a>\u00a0(\"Webhely\"). Ez a Cookie Szab\u00e1lyzat elmagyar\u00e1zza, hogy mik azok a cookie-k, hogyan haszn\u00e1ljuk \u0151ket, \u00e9s milyen lehet\u0151s\u00e9geid vannak azok haszn\u00e1lat\u00e1val kapcsolatban.<\/p>\n<h3><strong><b>1. Mik azok a cookie-k?<\/b><\/strong><\/h3>\n<p>A cookie-k kis sz\u00f6veges f\u00e1jlok, amelyeket az eszk\u00f6z\u00f6dre (sz\u00e1m\u00edt\u00f3g\u00e9p, okostelefon vagy m\u00e1s elektronikus eszk\u00f6z) helyez\u00fcnk el, amikor megl\u00e1togatsz egy weboldalt. Seg\u00edtenek felismerni az eszk\u00f6z\u00f6det, megjegyezni preferenci\u00e1idat, \u00e9s jav\u00edtani a webhelyen szerzett \u00e9lm\u00e9nyedet.<\/p>\n<h3><strong><b>2. A weboldalunkon haszn\u00e1lt cookie t\u00edpusok<\/b><\/strong><\/h3>\n<p>A webhely\u00fcnk\u00f6n a k\u00f6vetkez\u0151 t\u00edpus\u00fa cookie-kat haszn\u00e1ljuk:<\/p>\n<ul>\n<li><strong>Alapvet\u0151 Cookie-k<\/strong>: Ezek a cookie-k sz\u00fcks\u00e9gesek a webhely megfelel\u0151 m\u0171k\u00f6d\u00e9s\u00e9hez. Lehet\u0151v\u00e9 teszik, hogy navig\u00e1lj az oldalon \u00e9s haszn\u00e1lj funkci\u00f3kat, p\u00e9ld\u00e1ul a biztons\u00e1gos ter\u00fcletek el\u00e9r\u00e9s\u00e9t.<\/li>\n<li><strong>Teljes\u00edtm\u00e9ny Cookie-k<\/strong>: Ezek a cookie-k inform\u00e1ci\u00f3kat gy\u0171jtenek arr\u00f3l, hogyan haszn\u00e1lod a webhelyet, p\u00e9ld\u00e1ul mely oldalakat l\u00e1togatod, \u00e9s milyen hib\u00e1kat tapasztalsz. Ezt az adatot a webhely teljes\u00edtm\u00e9ny\u00e9nek \u00e9s felhaszn\u00e1l\u00f3i \u00e9lm\u00e9ny\u00e9nek jav\u00edt\u00e1s\u00e1ra haszn\u00e1ljuk.<\/li>\n<li><strong>Funkcionalit\u00e1si Cookie-k<\/strong>: Ezek a cookie-k lehet\u0151v\u00e9 teszik, hogy megjegyezz\u00fck preferenci\u00e1idat (p\u00e9ld\u00e1ul nyelv vagy r\u00e9gi\u00f3), \u00e9s szem\u00e9lyre szabottabb \u00e9lm\u00e9nyt ny\u00fajtsunk.<\/li>\n<li><strong>C\u00e9lzott vagy Hirdet\u00e9si Cookie-k<\/strong>: Ezek a cookie-k relev\u00e1ns hirdet\u00e9seket jelen\u00edtenek meg neked \u00e9rdekl\u0151d\u00e9si k\u00f6r\u00f6d alapj\u00e1n. Seg\u00edtenek korl\u00e1tozni, hogy h\u00e1nyszor l\u00e1tod ugyanazt a hirdet\u00e9st, \u00e9s m\u00e9rni a rekl\u00e1mkamp\u00e1nyok hat\u00e9konys\u00e1g\u00e1t.<\/li>\n<\/ul>\n<h3><strong><b>3. Hogyan haszn\u00e1ljuk a cookie-kat?<\/b><\/strong><\/h3>\n<p>A cookie-kat a k\u00f6vetkez\u0151 c\u00e9lokra haszn\u00e1ljuk:<\/p>\n<ul>\n<li><strong>Szolg\u00e1ltat\u00e1sok ny\u00fajt\u00e1sa<\/strong>: Alapvet\u0151 cookie-k seg\u00edtenek alapvet\u0151 szolg\u00e1ltat\u00e1sok ny\u00fajt\u00e1s\u00e1ban, p\u00e9ld\u00e1ul a fi\u00f3kod el\u00e9r\u00e9s\u00e9ben vagy megrendel\u00e9sek feldolgoz\u00e1s\u00e1ban.<\/li>\n<li><strong>Weboldal haszn\u00e1lat\u00e1nak elemz\u00e9se<\/strong>: Teljes\u00edtm\u00e9ny s\u00fctiket haszn\u00e1lunk annak meg\u00e9rt\u00e9s\u00e9re, hogy a l\u00e1togat\u00f3k hogyan l\u00e9pnek kapcsolatba oldalunkkal, \u00e9s a funkcionalit\u00e1s \u00e9s tartalom fejleszt\u00e9s\u00e9re.<\/li>\n<li><strong>Tartalom szem\u00e9lyre szab\u00e1s\u00e1hoz<\/strong>: Funkcion\u00e1lis s\u00fctik lehet\u0151v\u00e9 teszik sz\u00e1munkra, hogy az oldalt az \u00d6n preferenci\u00e1ihoz igaz\u00edtsuk.<\/li>\n<li><strong>Marketing t\u00e1mogat\u00e1s\u00e1ra<\/strong>: C\u00e9lz\u00f3 s\u00fctik seg\u00edtenek relev\u00e1ns hirdet\u00e9sek megjelen\u00edt\u00e9s\u00e9ben \u00e9s marketingtev\u00e9kenys\u00e9g\u00fcnk hat\u00e9konys\u00e1g\u00e1nak nyomon k\u00f6vet\u00e9s\u00e9ben.<\/li>\n<\/ul>\n<h3><strong><b>4. Harmadik f\u00e9l \u00e1ltal elhelyezett s\u00fctik<\/b><\/strong><\/h3>\n<p>Bizonyos esetekben harmadik felek helyezhetnek el s\u00fctiket az eszk\u00f6z\u00e9n oldalunkon kereszt\u00fcl. Ezek a s\u00fctik \u00e1ltal\u00e1ban elemz\u00e9sekhez, hirdet\u00e9sekhez vagy k\u00f6z\u00f6ss\u00e9gi m\u00e9dia integr\u00e1ci\u00f3hoz haszn\u00e1latosak. Ezeket a s\u00fctiket nem ellen\u0151rizz\u00fck, \u00e9s tov\u00e1bbi inform\u00e1ci\u00f3\u00e9rt k\u00e9rj\u00fck, forduljon a harmadik felek s\u00fctikezel\u00e9si ir\u00e1nyelveihez.<\/p>\n<h3><strong><b>5. S\u00fcti be\u00e1ll\u00edt\u00e1sok kezel\u00e9se<\/b><\/strong><\/h3>\n<p>A b\u00f6ng\u00e9sz\u0151 be\u00e1ll\u00edt\u00e1sain kereszt\u00fcl elfogadhatja vagy elutas\u00edthatja a s\u00fctiket. A legt\u00f6bb webb\u00f6ng\u00e9sz\u0151 automatikusan elfogadja a s\u00fctiket, de m\u00f3dos\u00edthatja be\u00e1ll\u00edt\u00e1sait a s\u00fctik elutas\u00edt\u00e1s\u00e1ra, ha szeretn\u00e9. K\u00e9rj\u00fck, vegye figyelembe, hogy a s\u00fctik letilt\u00e1sa befoly\u00e1solhatja oldalunk m\u0171k\u00f6d\u00e9s\u00e9t.<\/p>\n<h3><strong><b>6. A jelen S\u00fcti ir\u00e1nyelv m\u00f3dos\u00edt\u00e1sa<\/b><\/strong><\/h3>\n<p>Id\u0151nk\u00e9nt friss\u00edthetj\u00fck ezt a S\u00fcti ir\u00e1nyelvet. B\u00e1rmilyen v\u00e1ltoz\u00e1sr\u00f3l ezen az oldalon t\u00e1j\u00e9koztatjuk, \u00e9s a m\u00f3dos\u00edtott verzi\u00f3 azonnal hat\u00e1lyba l\u00e9p a k\u00f6zz\u00e9t\u00e9telkor.<\/p>\n<h3><strong><b>7. Kapcsolatfelv\u00e9tel<\/b><\/strong><\/h3>\n<p>Ha k\u00e9rd\u00e9se van a s\u00fctik haszn\u00e1lat\u00e1val vagy ezt a S\u00fcti ir\u00e1nyelvet illet\u0151en, k\u00e9rj\u00fck, l\u00e9pjen kapcsolatba vel\u00fcnk a k\u00f6vetkez\u0151 c\u00edmen:<\/p>\n<p>Hongkong YC Electronic Technology Co., Limited<br \/>\nC\u00edm: Bogang K\u00f6z\u00f6ss\u00e9g, Shajing utca, Baoan ker\u00fclet, Shenzhen, Guangdong, K\u00edna<br \/>\nEmail: sales@ycelectronic.com<br \/>\nTelefon: +86-0755-2709-5550<\/p>\n<p>Oldalunk tov\u00e1bbi haszn\u00e1lat\u00e1val hozz\u00e1j\u00e1rul a s\u00fctik haszn\u00e1lat\u00e1hoz, ahogy azt ebben a S\u00fcti ir\u00e1nyelvben le\u00edrtuk.<\/p>","protected":false},"excerpt":{"rendered":"<p>S\u00fcti Szab\u00e1lyzat YC Electronic Technology Co., Limited (\u201cmi\u201d, \u201cminket\u201d, vagy \u201cmi\u00e9nk\u201d) s\u00fctiket \u00e9s hasonl\u00f3 nyomk\u00f6vet\u0151 technol\u00f3gi\u00e1kat haszn\u00e1l a weboldalunkon https:\/\/ycpcbs.com (\u201cOldal\u201d). Ez a S\u00fcti Szab\u00e1lyzat elmagyar\u00e1zza, hogy mik azok a s\u00fctik, hogyan haszn\u00e1ljuk \u0151ket, \u00e9s milyen lehet\u0151s\u00e9geid vannak azok haszn\u00e1lat\u00e1val kapcsolatban. 1. Mik azok a s\u00fctik? A s\u00fctik kism\u00e9ret\u0171 sz\u00f6vegf\u00e1jlok, amelyeket az eszk\u00f6z\u00f6dre (sz\u00e1m\u00edt\u00f3g\u00e9p, okostelefon, vagy [\u2026]<\/p>","protected":false},"author":1,"featured_media":0,"parent":0,"menu_order":0,"comment_status":"closed","ping_status":"closed","template":"","meta":{"_seopress_robots_primary_cat":"","_seopress_titles_title":"","_seopress_titles_desc":"","_seopress_robots_index":"","_zeroy_edited":false,"_zeroy_last_edited":"","footnotes":""},"class_list":["post-32","page","type-page","status-publish","hentry"],"_links":{"self":[{"href":"https:\/\/ycpcbs.com\/hu\/wp-json\/wp\/v2\/pages\/32","targetHints":{"allow":["GET"]}}],"collection":[{"href":"https:\/\/ycpcbs.com\/hu\/wp-json\/wp\/v2\/pages"}],"about":[{"href":"https:\/\/ycpcbs.com\/hu\/wp-json\/wp\/v2\/types\/page"}],"author":[{"embeddable":true,"href":"https:\/\/ycpcbs.com\/hu\/wp-json\/wp\/v2\/users\/1"}],"replies":[{"embeddable":true,"href":"https:\/\/ycpcbs.com\/hu\/wp-json\/wp\/v2\/comments?post=32"}],"version-history":[{"count":0,"href":"https:\/\/ycpcbs.com\/hu\/wp-json\/wp\/v2\/pages\/32\/revisions"}],"wp:attachment":[{"href":"https:\/\/ycpcbs.com\/hu\/wp-json\/wp\/v2\/media?parent=32"}],"curies":[{"name":"wp","href":"https:\/\/api.w.org\/{rel}","templated":true}]}}