{"id":3,"date":"2024-10-12T10:28:54","date_gmt":"2024-10-12T10:28:54","guid":{"rendered":"http:\/\/ycpcbs.com\/?page_id=3"},"modified":"2024-10-25T09:53:57","modified_gmt":"2024-10-25T09:53:57","slug":"privacy-policy","status":"publish","type":"page","link":"https:\/\/ycpcbs.com\/hu\/privacy-policy\/","title":{"rendered":"Adatv\u00e9delmi Szab\u00e1lyzat"},"content":{"rendered":"<p><strong>Adatv\u00e9delmi Szab\u00e1lyzat<\/strong><\/p>\n<p>A Hongkong YC Electronic Technology Co., Limited (\"mi\", \"mi\u00e9nk\" vagy \"minket\") elk\u00f6telezett az \u00d6n mag\u00e1n\u00e9let\u00e9nek v\u00e9delme ir\u00e1nt. Ez az Adatv\u00e9delmi Szab\u00e1lyzat ismerteti, hogyan gy\u0171jtj\u00fck, haszn\u00e1ljuk, tessz\u00fck k\u00f6zz\u00e9 \u00e9s v\u00e9dj\u00fck az \u00d6n adatait, amikor megl\u00e1togatja weboldalunkat (\u201eOldal\u201d) vagy ig\u00e9nybe veszi szolg\u00e1ltat\u00e1sainkat. K\u00e9rj\u00fck, olvassa el figyelmesen ezt a szab\u00e1lyzatot, hogy meg\u00e9rtse n\u00e9zeteinket \u00e9s gyakorlatainkat szem\u00e9lyes adataival kapcsolatban, valamint hogy hogyan kezelj\u00fck azokat. <a href=\"https:\/\/ycpcbs.com\/hu\/\"><u>https:\/\/ycpcbs.com<\/u><\/a>\u00a0(\"Oldal\") vagy szolg\u00e1ltat\u00e1saink haszn\u00e1lata sor\u00e1n. K\u00e9rj\u00fck, olvassa el figyelmesen ezt a szab\u00e1lyzatot, hogy meg\u00e9rtse szem\u00e9lyes adataival kapcsolatos n\u00e9zeteinket \u00e9s gyakorlatainkat, valamint hogy hogyan kezelj\u00fck azokat.<\/p>\n<h3><strong><b>1. Az \u00e1ltalunk gy\u0171jt\u00f6tt adatok<\/b><\/strong><\/h3>\n<p>K\u00fcl\u00f6nb\u00f6z\u0151 m\u00f3dokon gy\u0171jthet\u00fcnk szem\u00e9lyes adatokat, t\u00f6bbek k\u00f6z\u00f6tt:<\/p>\n<ul>\n<li><strong>Szem\u00e9lyazonos\u00edt\u00f3 adatok<\/strong>: Amikor megl\u00e1togatja az Oldalunkat, regisztr\u00e1l az Oldalunkon, rendel\u00e9st ad le vagy \u0171rlapot t\u00f6lt ki, szem\u00e9lyes adatokat gy\u0171jthet\u00fcnk, p\u00e9ld\u00e1ul nev\u00e9t, e-mail c\u00edm\u00e9t, telefonsz\u00e1m\u00e1t \u00e9s c\u00e9ges adatait.<\/li>\n<li><strong>Nem szem\u00e9lyazonos\u00edt\u00f3 adatok<\/strong>: Emellett gy\u0171jthet\u00fcnk nem szem\u00e9lyazonos\u00edt\u00f3 adatokat az \u00d6n interakci\u00f3i sor\u00e1n az Oldalunkkal. Ez mag\u00e1ban foglalhatja az IP-c\u00edm\u00e9t, b\u00f6ng\u00e9sz\u0151 t\u00edpus\u00e1t, oper\u00e1ci\u00f3s rendszer\u00e9t, az Oldalunkon megl\u00e1togatott oldalakat \u00e9s egy\u00e9b diagnosztikai adatokat.<\/li>\n<\/ul>\n<h3><strong><b>2. Az adatok felhaszn\u00e1l\u00e1sa<\/b><\/strong><\/h3>\n<p>Az \u00e1ltalunk gy\u0171jt\u00f6tt adatokat a k\u00f6vetkez\u0151 c\u00e9lokra haszn\u00e1ljuk:<\/p>\n<ul>\n<li><strong>Szolg\u00e1ltat\u00e1sok ny\u00fajt\u00e1sa<\/strong>: Az \u00d6n rendel\u00e9seinek feldolgoz\u00e1sa, a k\u00e9rt term\u00e9kek \u00e9s szolg\u00e1ltat\u00e1sok biztos\u00edt\u00e1sa, valamint fi\u00f3kja kezel\u00e9se.<\/li>\n<li><strong>\u00dcgyf\u00e9lszolg\u00e1lat<\/strong>: K\u00e9rd\u00e9seire val\u00f3 v\u00e1laszad\u00e1s, \u00fcgyf\u00e9lszolg\u00e1lat ny\u00fajt\u00e1sa \u00e9s probl\u00e9m\u00e1k kezel\u00e9se.<\/li>\n<li><strong>Weboldalunk fejleszt\u00e9se<\/strong>: A weboldal tartalm\u00e1nak, funkcionalit\u00e1s\u00e1nak \u00e9s haszn\u00e1lhat\u00f3s\u00e1g\u00e1nak jav\u00edt\u00e1sa az \u00d6n visszajelz\u00e9sei alapj\u00e1n.<\/li>\n<li><strong>Marketing \u00e9s kommunik\u00e1ci\u00f3<\/strong>: Hozz\u00e1j\u00e1rul\u00e1s\u00e1val prom\u00f3ci\u00f3s e-maileket k\u00fcldhet\u00fcnk term\u00e9keinkr\u0151l, szolg\u00e1ltat\u00e1sainkr\u00f3l \u00e9s k\u00fcl\u00f6nleges aj\u00e1nlatainkr\u00f3l.<\/li>\n<\/ul>\n<h3><strong><b>3. Az \u00d6n adatai megoszt\u00e1sa<\/b><\/strong><\/h3>\n<p>Nem \u00e9rt\u00e9kes\u00edtj\u00fck, nem keresked\u00fcnk, vagy b\u00e9relj\u00fck ki szem\u00e9lyes adatait m\u00e1soknak. Azonban megoszthatjuk adatait harmadik felekkel a k\u00f6vetkez\u0151 esetekben:<\/p>\n<ul>\n<li><strong>Szolg\u00e1ltat\u00f3 Partnerek<\/strong>: Megoszthatjuk adatait harmadik f\u00e9l szolg\u00e1ltat\u00f3kkal, akik szolg\u00e1ltat\u00e1sokat ny\u00fajtanak nev\u00fcnkben, p\u00e9ld\u00e1ul fizet\u00e9sfeldolgoz\u00e1s, sz\u00e1ll\u00edt\u00e1s \u00e9s e-mail k\u00fcld\u00e9s.<\/li>\n<li><strong>Jogszab\u00e1lyi k\u00f6telezetts\u00e9geknek val\u00f3 megfelel\u00e9s<\/strong>: K\u00f6telez\u0151 jogi, szab\u00e1lyoz\u00e1si vagy jogi elj\u00e1r\u00e1s eset\u00e9n megoszthatjuk adatait, p\u00e9ld\u00e1ul b\u00edr\u00f3s\u00e1gi v\u00e9gz\u00e9s vagy korm\u00e1nyzati k\u00e9r\u00e9s eset\u00e9n.<\/li>\n<\/ul>\n<h3><strong><b>4. S\u00fcti \u00e9s k\u00f6vet\u00e9si technol\u00f3gi\u00e1k<\/b><\/strong><\/h3>\n<p>Weboldalunk s\u00fctiket \u00e9s hasonl\u00f3 k\u00f6vet\u00e9si technol\u00f3gi\u00e1kat haszn\u00e1l az \u00e9lm\u00e9ny fokoz\u00e1sa \u00e9rdek\u00e9ben. A s\u00fctik kis f\u00e1jlok, amelyeket az eszk\u00f6z\u00e9n t\u00e1rolunk, \u00e9s seg\u00edtenek meg\u00e9rteni, hogyan haszn\u00e1lja weboldalunkat. A b\u00f6ng\u00e9sz\u0151 be\u00e1ll\u00edt\u00e1sain kereszt\u00fcl letilthatja a s\u00fctiket, de ez befoly\u00e1solhatja a weboldal m\u0171k\u00f6d\u00e9s\u00e9t.<\/p>\n<h3><strong><b>5. Adatbiztons\u00e1g<\/b><\/strong><\/h3>\n<p>Megfelel\u0151 technikai \u00e9s szervez\u00e9si int\u00e9zked\u00e9seket alkalmazunk szem\u00e9lyes adatainak v\u00e9delme \u00e9rdek\u00e9ben az illet\u00e9ktelen hozz\u00e1f\u00e9r\u00e9s, m\u00f3dos\u00edt\u00e1s, nyilv\u00e1noss\u00e1gra hozatal vagy megsemmis\u00edt\u00e9s ellen. Azonban semmilyen interneten kereszt\u00fcli adat\u00e1tvitel vagy elektronikus t\u00e1rol\u00e1si m\u00f3dszer nem 100%-osan biztons\u00e1gos, \u00e9s nem garant\u00e1lhatjuk a teljes biztons\u00e1got.<\/p>\n<h3><strong><b>6. Az \u00d6n jogai<\/b><\/strong><\/h3>\n<p>Az al\u00e1bbi jogok illetik meg szem\u00e9lyes adataival kapcsolatban:<\/p>\n<ul>\n<li><strong>Hozz\u00e1f\u00e9r\u00e9s<\/strong>: K\u00e9rheti, hogy m\u00e1solatot kapjon az \u00e1ltalunk t\u00e1rolt szem\u00e9lyes adatair\u00f3l.<\/li>\n<li><strong>Jav\u00edt\u00e1s<\/strong>: K\u00e9rheti, hogy jav\u00edtsuk a pontatlan vagy hi\u00e1nyos inform\u00e1ci\u00f3kat.<\/li>\n<li><strong>T\u00f6rl\u00e9s<\/strong>: Jog\u00e1ban \u00e1ll k\u00e9rni szem\u00e9lyes adatainak t\u00f6rl\u00e9s\u00e9t, bizonyos jogi kiv\u00e9telek figyelembev\u00e9tel\u00e9vel.<\/li>\n<li><strong>Ellenz\u00e9k<\/strong>: Jogosult lehet ellenezni szem\u00e9lyes adatai feldolgoz\u00e1s\u00e1t bizonyos k\u00f6r\u00fclm\u00e9nyek k\u00f6z\u00f6tt.<\/li>\n<\/ul>\n<p>Ezeknek a jogoknak a gyakorl\u00e1s\u00e1hoz k\u00e9rj\u00fck, l\u00e9pjen kapcsolatba vel\u00fcnk az al\u00e1bbi adatok felhaszn\u00e1l\u00e1s\u00e1val.<\/p>\n<h3><strong><b>7. Nemzetk\u00f6zi \u00c1tutal\u00e1sok<\/b><\/strong><\/h3>\n<p>Az \u00d6n adatait \u00e1tadhatj\u00e1k, \u00e9s feldolgozhatj\u00e1k olyan orsz\u00e1gokban, amelyek nem Magyarorsz\u00e1gon tal\u00e1lhat\u00f3k. Ezek az orsz\u00e1gok adatv\u00e9delmi t\u00f6rv\u00e9nyekben elt\u00e9rhetnek az \u00d6n orsz\u00e1g\u00e1t\u00f3l. Ilyen esetekben biztos\u00edtjuk, hogy adatai megfelel\u0151 v\u00e9delmet kapjanak.<\/p>\n<h3><strong><b>8. Jogi nyilatkozat m\u00f3dos\u00edt\u00e1sai<\/b><\/strong><\/h3>\n<p>Id\u0151szakosan friss\u00edthetj\u00fck ezt az Adatv\u00e9delmi Szab\u00e1lyzatot. A v\u00e1ltoz\u00e1sokr\u00f3l \u00e9rtes\u00edtj\u00fck \u00d6nt azzal, hogy az \u00faj Adatv\u00e9delmi Szab\u00e1lyzatot k\u00f6zz\u00e9 tessz\u00fck ezen az oldalon, \u00e9s a m\u00f3dos\u00edtott verzi\u00f3 azonnal hat\u00e1lyba l\u00e9p a k\u00f6zz\u00e9t\u00e9telkor.<\/p>\n<h3><strong><b>9. Kapcsolatfelv\u00e9tel<\/b><\/strong><\/h3>\n<p>Ha k\u00e9rd\u00e9se van az Adatv\u00e9delmi Szab\u00e1lyzatunkkal vagy adatkezel\u00e9si gyakorlatunkkal kapcsolatban, k\u00e9rj\u00fck, l\u00e9pjen kapcsolatba vel\u00fcnk az al\u00e1bbi c\u00edmen:<\/p>\n<p>Hongkong YC Electronic Technology Co., Limited<br \/>C\u00edm: Bogang K\u00f6z\u00f6ss\u00e9g, Shajing utca, Baoan ker\u00fclet, Shenzhen, Guangdong, K\u00edna<br \/>Email: sales@ycelectronic.com<br \/>Telefon: +86-0755-2709-5550<\/p>\n<p>Az oldalunk haszn\u00e1lat\u00e1val hozz\u00e1j\u00e1rul az Adatv\u00e9delmi Szab\u00e1lyzatunkhoz, \u00e9s elfogadja annak felt\u00e9teleit.<\/p>","protected":false},"excerpt":{"rendered":"<p>Adatv\u00e9delmi Szab\u00e1lyzat A Hongkong YC Electronic Technology Co., Limited (\u201cmi\u201d, \u201cminket\u201d, vagy \u201cmi\u00e9nk\u201d) elk\u00f6telezett az \u00d6n adatainak v\u00e9delme ir\u00e1nt. Ez az Adatv\u00e9delmi Szab\u00e1lyzat ismerteti, hogyan gy\u0171jtj\u00fck, haszn\u00e1ljuk, tessz\u00fck nyilv\u00e1noss\u00e1 \u00e9s v\u00e9dj\u00fck az \u00d6n adatait, amikor megl\u00e1togatja weboldalunkat https:\/\/ycpcbs.com (\u201cWebhely\u201d) vagy ig\u00e9nybe veszi szolg\u00e1ltat\u00e1sainkat. K\u00e9rj\u00fck, olvassa el figyelmesen ezt a szab\u00e1lyzatot, hogy meg\u00e9rtse n\u00e9zeteinket \u00e9s gyakorlatainkat szem\u00e9lyes adataival kapcsolatban [\u2026].<\/p>","protected":false},"author":1,"featured_media":0,"parent":0,"menu_order":0,"comment_status":"closed","ping_status":"open","template":"","meta":{"_seopress_robots_primary_cat":"","_seopress_titles_title":"","_seopress_titles_desc":"","_seopress_robots_index":"","_zeroy_edited":false,"_zeroy_last_edited":"","footnotes":""},"class_list":["post-3","page","type-page","status-publish","hentry"],"_links":{"self":[{"href":"https:\/\/ycpcbs.com\/hu\/wp-json\/wp\/v2\/pages\/3","targetHints":{"allow":["GET"]}}],"collection":[{"href":"https:\/\/ycpcbs.com\/hu\/wp-json\/wp\/v2\/pages"}],"about":[{"href":"https:\/\/ycpcbs.com\/hu\/wp-json\/wp\/v2\/types\/page"}],"author":[{"embeddable":true,"href":"https:\/\/ycpcbs.com\/hu\/wp-json\/wp\/v2\/users\/1"}],"replies":[{"embeddable":true,"href":"https:\/\/ycpcbs.com\/hu\/wp-json\/wp\/v2\/comments?post=3"}],"version-history":[{"count":0,"href":"https:\/\/ycpcbs.com\/hu\/wp-json\/wp\/v2\/pages\/3\/revisions"}],"wp:attachment":[{"href":"https:\/\/ycpcbs.com\/hu\/wp-json\/wp\/v2\/media?parent=3"}],"curies":[{"name":"wp","href":"https:\/\/api.w.org\/{rel}","templated":true}]}}