{"id":32,"date":"2024-10-14T12:30:20","date_gmt":"2024-10-14T12:30:20","guid":{"rendered":"https:\/\/ycpcbs.com\/?page_id=32"},"modified":"2024-10-25T09:57:04","modified_gmt":"2024-10-25T09:57:04","slug":"cookies-policy","status":"publish","type":"page","link":"https:\/\/ycpcbs.com\/fi\/cookies-policy\/","title":{"rendered":"ev\u00e4stek\u00e4yt\u00e4nt\u00f6"},"content":{"rendered":"<p><strong>Ev\u00e4stek\u00e4yt\u00e4nt\u00f6<\/strong><\/p>\n<p>Hongkong YC Electronic Technology Co., Limited (\"me\", \"meid\u00e4n\" tai \"meit\u00e4\") k\u00e4ytt\u00e4\u00e4 ev\u00e4steit\u00e4 ja vastaavia seurantatekniikoita verkkosivustollamme <a href=\"https:\/\/ycpcbs.com\/fi\/\"><u>https:\/\/ycpcbs.com<\/u><\/a>\u00a0(\"Sivusto\"). T\u00e4m\u00e4 ev\u00e4stek\u00e4yt\u00e4nt\u00f6 selitt\u00e4\u00e4, mit\u00e4 ev\u00e4steet ovat, kuinka k\u00e4yt\u00e4mme niit\u00e4 ja vaihtoehtosi niiden k\u00e4yt\u00f6ss\u00e4.<\/p>\n<h3><strong><b>1. Mit\u00e4 ev\u00e4steet ovat?<\/b><\/strong><\/h3>\n<p>Ev\u00e4steet ovat pieni\u00e4 tekstitiedostoja, jotka asetetaan laitteellesi (tietokone, \u00e4lypuhelin tai muu elektroninen laite) vieraillessasi verkkosivustolla. Ne auttavat meit\u00e4 tunnistamaan laitteesi, muistamaan mieltymyksesi ja parantamaan kokemustasi Sivustollamme.<\/p>\n<h3><strong><b>2. K\u00e4ytt\u00e4m\u00e4mme ev\u00e4steiden tyypit<\/b><\/strong><\/h3>\n<p>K\u00e4yt\u00e4mme seuraavanlaisia ev\u00e4steit\u00e4 Sivustollamme:<\/p>\n<ul>\n<li><strong>V\u00e4ltt\u00e4m\u00e4tt\u00f6m\u00e4t ev\u00e4steet<\/strong>: N\u00e4m\u00e4 ev\u00e4steet ovat v\u00e4ltt\u00e4m\u00e4tt\u00f6mi\u00e4 Sivuston asianmukaiselle toiminnalle. Ne mahdollistavat Sivuston selaamisen ja sen ominaisuuksien, kuten turvallisten alueiden, k\u00e4ytt\u00e4misen.<\/li>\n<li><strong>Suorituskykyev\u00e4steet<\/strong>: N\u00e4m\u00e4 ev\u00e4steet ker\u00e4\u00e4v\u00e4t tietoa siit\u00e4, miten k\u00e4yt\u00e4t Sivustoamme, kuten vierailemasi sivut ja mahdolliset virheet. K\u00e4yt\u00e4mme n\u00e4it\u00e4 tietoja parantaaksemme Sivuston suorituskyky\u00e4 ja k\u00e4ytt\u00e4j\u00e4kokemusta.<\/li>\n<li><strong>Toiminnallisuusev\u00e4steet<\/strong>: N\u00e4m\u00e4 ev\u00e4steet mahdollistavat mieltymystesi (kuten kieli tai alue) muistamisen ja tarjoavat henkil\u00f6kohtaisemman kokemuksen.<\/li>\n<li><strong>Kohdistus- tai mainosev\u00e4steet<\/strong>: N\u00e4it\u00e4 ev\u00e4steit\u00e4 k\u00e4ytet\u00e4\u00e4n tarjoamaan sinulle relevantteja mainoksia kiinnostuksen kohteidesi perusteella. Niit\u00e4 voidaan my\u00f6s k\u00e4ytt\u00e4\u00e4 mainosten n\u00e4yt\u00f6n m\u00e4\u00e4r\u00e4n rajoittamiseen ja mainoskampanjoiden tehokkuuden mittaamiseen.<\/li>\n<\/ul>\n<h3><strong><b>3. Kuinka k\u00e4yt\u00e4mme ev\u00e4steit\u00e4<\/b><\/strong><\/h3>\n<p>K\u00e4yt\u00e4mme ev\u00e4steit\u00e4 seuraaviin tarkoituksiin:<\/p>\n<ul>\n<li><strong>Palveluiden tarjoaminen<\/strong>: V\u00e4ltt\u00e4m\u00e4tt\u00f6m\u00e4t ev\u00e4steet auttavat meit\u00e4 tarjoamaan ydinpalveluita, kuten tilisi k\u00e4ytt\u00f6\u00e4 tai tilausten k\u00e4sittely\u00e4.<\/li>\n<li><strong>Verkkosivuston k\u00e4yt\u00f6n analysointi<\/strong>: K\u00e4yt\u00e4mme suorituskyk\u00f6tilej\u00e4 ymm\u00e4rt\u00e4\u00e4ksemme, miten vierailijat ovat vuorovaikutuksessa sivustomme kanssa ja parantaaksemme toiminnallisuutta ja sis\u00e4lt\u00f6\u00e4.<\/li>\n<li><strong>Personoidaksemme sis\u00e4lt\u00f6\u00e4<\/strong>: Toiminnallisuustilej\u00e4 avulla voimme r\u00e4\u00e4t\u00e4l\u00f6id\u00e4 sivuston mieltymystesi mukaan.<\/li>\n<li><strong>Markkinointitoimien tukemiseen<\/strong>: Kohdistustilej\u00e4 avulla voimme n\u00e4ytt\u00e4\u00e4 relevantteja mainoksia ja seurata markkinointimme tehokkuutta.<\/li>\n<\/ul>\n<h3><strong><b>4. Kolmannen osapuolen ev\u00e4steet<\/b><\/strong><\/h3>\n<p>Joissakin tapauksissa kolmannet osapuolet voivat asettaa ev\u00e4steit\u00e4 laitteellesi sivustomme kautta. N\u00e4it\u00e4 ev\u00e4steit\u00e4 k\u00e4ytet\u00e4\u00e4n yleens\u00e4 analytiikkaan, mainontaan tai sosiaalisen median integraatioon. Emme hallitse n\u00e4it\u00e4 ev\u00e4steit\u00e4, ja suosittelemme tutustumaan kolmansien osapuolten ev\u00e4stek\u00e4yt\u00e4nt\u00f6ihin saadaksesi lis\u00e4tietoja.<\/p>\n<h3><strong><b>5. Ev\u00e4steasetusten hallinta<\/b><\/strong><\/h3>\n<p>Voit valita hyv\u00e4ksytk\u00f6 vai hylk\u00e4\u00e4tk\u00f6 ev\u00e4steet selaimesi asetusten kautta. Useimmat verkkoselaimet hyv\u00e4ksyv\u00e4t ev\u00e4steet automaattisesti, mutta voit muuttaa asetuksia hyl\u00e4t\u00e4ksesi ev\u00e4steet, jos niin haluat. Huomaa, ett\u00e4 ev\u00e4steiden poistaminen k\u00e4yt\u00f6st\u00e4 saattaa vaikuttaa sivustomme toiminnallisuuteen.<\/p>\n<h3><strong><b>6. T\u00e4m\u00e4n ev\u00e4stek\u00e4yt\u00e4nn\u00f6n muutokset<\/b><\/strong><\/h3>\n<p>Saatamme p\u00e4ivitt\u00e4\u00e4 t\u00e4t\u00e4 ev\u00e4stek\u00e4yt\u00e4nt\u00f6\u00e4 aika ajoin. Kaikki muutokset julkaistaan t\u00e4ll\u00e4 sivulla, ja p\u00e4ivitetty versio tulee voimaan heti julkaisun j\u00e4lkeen.<\/p>\n<h3><strong><b>7. Ota yhteytt\u00e4<\/b><\/strong><\/h3>\n<p>Jos sinulla on kysytt\u00e4v\u00e4\u00e4 ev\u00e4steiden k\u00e4yt\u00f6st\u00e4mme tai t\u00e4st\u00e4 ev\u00e4stek\u00e4yt\u00e4nn\u00f6st\u00e4, ota yhteytt\u00e4 osoitteeseen:<\/p>\n<p>Hongkong YC Electronic Technology Co., Limited<br \/>\nOsoite: Bogang Community, Shajing Street, Baoan District, Shenzhen, Guangdong, Kiina<br \/>\nS\u00e4hk\u00f6posti: sales@ycelectronic.com<br \/>\nPuhelin:+86-0755-2709-5550<\/p>\n<p>Jatkamalla sivustomme k\u00e4ytt\u00f6\u00e4 hyv\u00e4ksyt ev\u00e4steiden k\u00e4yt\u00f6n t\u00e4m\u00e4n ev\u00e4stek\u00e4yt\u00e4nn\u00f6n mukaisesti.<\/p>","protected":false},"excerpt":{"rendered":"<p>Keksipolitiikka Hongkong YC Electronic Technology Co., Limited (\u201cme\u201d, \u201cmeid\u00e4n\u201d, tai \u201cmeit\u00e4\u201d) k\u00e4ytt\u00e4\u00e4 ev\u00e4steit\u00e4 ja vastaavia seurantatekniikoita verkkosivustollamme https:\/\/ycpcbs.com (\u201cSivusto\u201d). T\u00e4m\u00e4 keksipolitiikka selitt\u00e4\u00e4, mit\u00e4 ev\u00e4steet ovat, kuinka k\u00e4yt\u00e4mme niit\u00e4 ja vaihtoehtosi niiden k\u00e4yt\u00f6ss\u00e4. 1. Mit\u00e4 ev\u00e4steet ovat? Ev\u00e4steet ovat pieni\u00e4 tekstitiedostoja, jotka asetetaan laitteellesi (tietokone, \u00e4lypuhelin tai [\u2026]<\/p>","protected":false},"author":1,"featured_media":0,"parent":0,"menu_order":0,"comment_status":"closed","ping_status":"closed","template":"","meta":{"_seopress_robots_primary_cat":"","_seopress_titles_title":"","_seopress_titles_desc":"","_seopress_robots_index":"","_zeroy_edited":false,"_zeroy_last_edited":"","footnotes":""},"class_list":["post-32","page","type-page","status-publish","hentry"],"_links":{"self":[{"href":"https:\/\/ycpcbs.com\/fi\/wp-json\/wp\/v2\/pages\/32","targetHints":{"allow":["GET"]}}],"collection":[{"href":"https:\/\/ycpcbs.com\/fi\/wp-json\/wp\/v2\/pages"}],"about":[{"href":"https:\/\/ycpcbs.com\/fi\/wp-json\/wp\/v2\/types\/page"}],"author":[{"embeddable":true,"href":"https:\/\/ycpcbs.com\/fi\/wp-json\/wp\/v2\/users\/1"}],"replies":[{"embeddable":true,"href":"https:\/\/ycpcbs.com\/fi\/wp-json\/wp\/v2\/comments?post=32"}],"version-history":[{"count":0,"href":"https:\/\/ycpcbs.com\/fi\/wp-json\/wp\/v2\/pages\/32\/revisions"}],"wp:attachment":[{"href":"https:\/\/ycpcbs.com\/fi\/wp-json\/wp\/v2\/media?parent=32"}],"curies":[{"name":"wp","href":"https:\/\/api.w.org\/{rel}","templated":true}]}}