{"id":3,"date":"2024-10-12T10:28:54","date_gmt":"2024-10-12T10:28:54","guid":{"rendered":"http:\/\/ycpcbs.com\/?page_id=3"},"modified":"2024-10-25T09:53:57","modified_gmt":"2024-10-25T09:53:57","slug":"privacy-policy","status":"publish","type":"page","link":"https:\/\/ycpcbs.com\/fi\/privacy-policy\/","title":{"rendered":"Tietosuojak\u00e4yt\u00e4nt\u00f6"},"content":{"rendered":"<p><strong>Tietosuojak\u00e4yt\u00e4nt\u00f6<\/strong><\/p>\n<p>Hongkong YC Electronic Technology Co., Limited (\"me,\" \"meid\u00e4n\" tai \"meit\u00e4\") sitoutuu suojaamaan yksityisyytt\u00e4si. T\u00e4m\u00e4 tietosuojak\u00e4yt\u00e4nt\u00f6 kuvaa, miten ker\u00e4\u00e4mme, k\u00e4yt\u00e4mme, paljastamme ja suojaamme tietojasi, kun vierailet verkkosivustollamme <a href=\"https:\/\/ycpcbs.com\/fi\/\"><u>https:\/\/ycpcbs.com<\/u><\/a>\u00a0(\"Sivusto\") tai k\u00e4yt\u00e4t palveluitamme. Lue t\u00e4m\u00e4 k\u00e4yt\u00e4nt\u00f6 huolellisesti ymm\u00e4rt\u00e4\u00e4ksesi n\u00e4kemyksemme ja k\u00e4yt\u00e4nt\u00f6mme liittyen henkil\u00f6tietoihisi ja siihen, miten k\u00e4sittelemme niit\u00e4.<\/p>\n<h3><strong><b>1. Ker\u00e4\u00e4m\u00e4mme tiedot<\/b><\/strong><\/h3>\n<p>Saatamme ker\u00e4t\u00e4 henkil\u00f6tietoja eri tavoin, mukaan lukien:<\/p>\n<ul>\n<li><strong>Henkil\u00f6kohtainen tunnistamistieto<\/strong>: Kun vierailet Sivustollamme, rekister\u00f6idyt Sivustollemme, teet tilauksen tai t\u00e4yt\u00e4t lomakkeen, saatamme ker\u00e4t\u00e4 henkil\u00f6tietoja kuten nimesi, s\u00e4hk\u00f6postiosoitteesi, puhelinnumerosi ja yritystietosi.<\/li>\n<li><strong>Ei-henkil\u00f6kohtainen tunnistamistieto<\/strong>: Saatamme my\u00f6s ker\u00e4t\u00e4 ei-henkil\u00f6kohtaisia tunnistamistietoja siit\u00e4, kun olet vuorovaikutuksessa Sivustomme kanssa. T\u00e4m\u00e4 voi sis\u00e4lt\u00e4\u00e4 IP-osoitteesi, selaintyypin, k\u00e4ytt\u00f6j\u00e4rjestelm\u00e4n, Sivustomme sivut, joita vierailet, ja muita diagnostiikkatietoja.<\/li>\n<\/ul>\n<h3><strong><b>2. Miten k\u00e4yt\u00e4mme tietojasi<\/b><\/strong><\/h3>\n<p>K\u00e4yt\u00e4mme ker\u00e4\u00e4mi\u00e4mme tietoja seuraaviin tarkoituksiin:<\/p>\n<ul>\n<li><strong>Palveluiden tarjoaminen<\/strong>: Tilaustesi k\u00e4sittelyyn, pyyt\u00e4miesi tuotteiden ja palveluiden tarjoamiseen sek\u00e4 tilisi hallintaan.<\/li>\n<li><strong>Asiakastuki<\/strong>: Vastaamaan kyselyihisi, tarjoamaan asiakaspalvelua ja ratkaisemaan mahdollisia ongelmia.<\/li>\n<li><strong>Verkkosivustomme parantaminen<\/strong>: Parantaaksemme verkkosivustomme sis\u00e4lt\u00f6\u00e4, toiminnallisuutta ja k\u00e4ytett\u00e4vyytt\u00e4 palautteesi perusteella.<\/li>\n<li><strong>Markkinointi ja viestint\u00e4<\/strong>: Suostumuksellasi voimme l\u00e4hett\u00e4\u00e4 sinulle mainosviestej\u00e4 tuotteistamme, palveluistamme ja erikoistarjouksistamme.<\/li>\n<\/ul>\n<h3><strong><b>3. Tietojesi jakaminen<\/b><\/strong><\/h3>\n<p>Emme myy, vaihda tai vuokraa henkil\u00f6tietojasi muille. Voimme kuitenkin jakaa tietojasi kolmansien osapuolien kanssa seuraavissa tapauksissa:<\/p>\n<ul>\n<li><strong>Palveluntarjoajat<\/strong>: Saatamme jakaa tietojasi kolmannen osapuolen palveluntarjoajien kanssa, jotka suorittavat palveluita puolestamme, kuten maksujen k\u00e4sittely, toimitukset ja s\u00e4hk\u00f6postin jakelu.<\/li>\n<li><strong>Lakis\u00e4\u00e4teisten velvoitteiden noudattaminen<\/strong>: Voimme paljastaa tietojasi, kun laki, s\u00e4\u00e4d\u00f6s tai oikeudellinen prosessi sit\u00e4 vaatii, kuten oikeuden m\u00e4\u00e4r\u00e4yksen tai hallituksen pyynn\u00f6n yhteydess\u00e4.<\/li>\n<\/ul>\n<h3><strong><b>4. Ev\u00e4steet ja seurantatekniikat<\/b><\/strong><\/h3>\n<p>Sivustomme k\u00e4ytt\u00e4\u00e4 ev\u00e4steit\u00e4 ja vastaavia seurantatekniikoita kokemuksesi parantamiseksi. Ev\u00e4steet ovat pieni\u00e4 tiedostoja, jotka tallentuvat laitteeseesi ja auttavat meit\u00e4 ymm\u00e4rt\u00e4m\u00e4\u00e4n, miten k\u00e4yt\u00e4t sivustoamme. Voit valita ev\u00e4steiden poistamisen selaimesi asetuksista, mutta t\u00e4m\u00e4 saattaa vaikuttaa sivuston toiminnallisuuteen.<\/p>\n<h3><strong><b>5. Tietoturva<\/b><\/strong><\/h3>\n<p>Olemme toteuttaneet asianmukaisia teknisi\u00e4 ja organisatorisia toimenpiteit\u00e4 suojataksemme henkil\u00f6tietojasi luvattomalta p\u00e4\u00e4sylt\u00e4, muokkaukselta, paljastamiselta tai tuhoutumiselta. Kuitenkin mik\u00e4\u00e4n internetin yli tapahtuva tiedonsiirto tai s\u00e4hk\u00f6inen tallennusmenetelm\u00e4 ei ole t\u00e4ysin turvallinen, emmek\u00e4 voi taata t\u00e4ydellist\u00e4 turvallisuutta.<\/p>\n<h3><strong><b>6. Oikeutesi<\/b><\/strong><\/h3>\n<p>Sinulla on seuraavat oikeudet henkil\u00f6tietoihisi liittyen:<\/p>\n<ul>\n<li><strong>P\u00e4\u00e4sy<\/strong>: Voit pyyt\u00e4\u00e4 kopion henkil\u00f6tiedoistasi, joita meill\u00e4 on tallennettuna.<\/li>\n<li><strong>Korjaus<\/strong>: Voit pyyt\u00e4\u00e4, ett\u00e4 korjaamme virheelliset tai puutteelliset tiedot.<\/li>\n<li><strong>Poisto<\/strong>: Sinulla on oikeus pyyt\u00e4\u00e4 henkil\u00f6tietojesi poistamista, tietyin oikeudellisin poikkeuksin.<\/li>\n<li><strong>Vastustus<\/strong>: Voit vastustaa henkil\u00f6tietojesi k\u00e4sittely\u00e4 tietyiss\u00e4 olosuhteissa.<\/li>\n<\/ul>\n<p>Oikeuksiesi k\u00e4ytt\u00e4miseksi ota meihin yhteytt\u00e4 alla olevien tietojen avulla.<\/p>\n<h3><strong><b>7. Kansainv\u00e4liset siirrot<\/b><\/strong><\/h3>\n<p>Tietojasi voidaan siirt\u00e4\u00e4 ja k\u00e4sitell\u00e4 muissa maissa kuin asuinmaassasi. N\u00e4iss\u00e4 maissa voi olla tietosuojalains\u00e4\u00e4d\u00e4nt\u00f6, joka poikkeaa Suomen lains\u00e4\u00e4d\u00e4nn\u00f6st\u00e4. T\u00e4llaisissa tapauksissa varmistamme, ett\u00e4 tietojasi suojataan asianmukaisin turvatoimin.<\/p>\n<h3><strong><b>8. Tietosuojak\u00e4yt\u00e4nn\u00f6n muutokset<\/b><\/strong><\/h3>\n<p>Voimme p\u00e4ivitt\u00e4\u00e4 t\u00e4t\u00e4 tietosuojak\u00e4yt\u00e4nt\u00f6\u00e4 aika ajoin. Ilmoitamme sinulle mahdollisista muutoksista julkaisemalla uuden tietosuojak\u00e4yt\u00e4nn\u00f6n t\u00e4ll\u00e4 sivulla, ja muutos tulee voimaan heti julkaisun j\u00e4lkeen.<\/p>\n<h3><strong><b>9. Ota yhteytt\u00e4<\/b><\/strong><\/h3>\n<p>Jos sinulla on kysytt\u00e4v\u00e4\u00e4 t\u00e4st\u00e4 tietosuojak\u00e4yt\u00e4nn\u00f6st\u00e4 tai tietojemme k\u00e4sittelyst\u00e4, ota yhteytt\u00e4 osoitteeseen:<\/p>\n<p>Hongkong YC Electronic Technology Co., Limited<br \/>Osoite: Bogang Community, Shajing Street, Baoan District, Shenzhen, Guangdong, Kiina<br \/>S\u00e4hk\u00f6posti: sales@ycelectronic.com<br \/>Puhelin:+86-0755-2709-5550<\/p>\n<p>K\u00e4ytt\u00e4m\u00e4ll\u00e4 sivustoamme hyv\u00e4ksyt tietosuojak\u00e4yt\u00e4nt\u00f6mme ja sitoudut sen ehtoihin.<\/p>","protected":false},"excerpt":{"rendered":"<p>Tietosuojak\u00e4yt\u00e4nt\u00f6 Hongkong YC Electronic Technology Co., Limited (\u201cme\u201d, \u201cmeid\u00e4n\u201d, tai \u201cmeit\u00e4\u201d) sitoutuu suojaamaan yksityisyytt\u00e4si. T\u00e4m\u00e4 tietosuojak\u00e4yt\u00e4nt\u00f6 kuvaa, miten ker\u00e4\u00e4mme, k\u00e4yt\u00e4mme, paljastamme ja suojaamme tietojasi, kun vierailet verkkosivustollamme https:\/\/ycpcbs.com (\u201cSivusto\u201d) tai k\u00e4yt\u00e4t palveluitamme. Lue t\u00e4m\u00e4 k\u00e4yt\u00e4nt\u00f6 huolellisesti ymm\u00e4rt\u00e4\u00e4ksesi n\u00e4kemyksemme ja k\u00e4yt\u00e4nt\u00f6mme koskien henkil\u00f6tietojasi [\u2026].<\/p>","protected":false},"author":1,"featured_media":0,"parent":0,"menu_order":0,"comment_status":"closed","ping_status":"open","template":"","meta":{"_seopress_robots_primary_cat":"","_seopress_titles_title":"","_seopress_titles_desc":"","_seopress_robots_index":"","_zeroy_edited":false,"_zeroy_last_edited":"","footnotes":""},"class_list":["post-3","page","type-page","status-publish","hentry"],"_links":{"self":[{"href":"https:\/\/ycpcbs.com\/fi\/wp-json\/wp\/v2\/pages\/3","targetHints":{"allow":["GET"]}}],"collection":[{"href":"https:\/\/ycpcbs.com\/fi\/wp-json\/wp\/v2\/pages"}],"about":[{"href":"https:\/\/ycpcbs.com\/fi\/wp-json\/wp\/v2\/types\/page"}],"author":[{"embeddable":true,"href":"https:\/\/ycpcbs.com\/fi\/wp-json\/wp\/v2\/users\/1"}],"replies":[{"embeddable":true,"href":"https:\/\/ycpcbs.com\/fi\/wp-json\/wp\/v2\/comments?post=3"}],"version-history":[{"count":0,"href":"https:\/\/ycpcbs.com\/fi\/wp-json\/wp\/v2\/pages\/3\/revisions"}],"wp:attachment":[{"href":"https:\/\/ycpcbs.com\/fi\/wp-json\/wp\/v2\/media?parent=3"}],"curies":[{"name":"wp","href":"https:\/\/api.w.org\/{rel}","templated":true}]}}