{"id":3,"date":"2024-10-12T10:28:54","date_gmt":"2024-10-12T10:28:54","guid":{"rendered":"http:\/\/ycpcbs.com\/?page_id=3"},"modified":"2024-10-25T09:53:57","modified_gmt":"2024-10-25T09:53:57","slug":"privacy-policy","status":"publish","type":"page","link":"https:\/\/ycpcbs.com\/es\/privacy-policy\/","title":{"rendered":"Pol\u00edtica de privacidad"},"content":{"rendered":"<p><strong>Pol\u00edtica de privacidad<\/strong><\/p>\n<p>Hongkong YC Electronic Technology Co., Limited (\"nosotros\", \"nuestro\" o \"nos\") se compromete a proteger su privacidad. Esta Pol\u00edtica de privacidad describe c\u00f3mo recopilamos, usamos, divulgamos y protegemos su informaci\u00f3n cuando visita nuestro sitio web <a href=\"https:\/\/ycpcbs.com\/es\/\"><u>https:\/\/ycpcbs.com<\/u><\/a>\u00a0(\"Sitio\") o utiliza nuestros servicios. Lea atentamente esta pol\u00edtica para comprender nuestros puntos de vista y pr\u00e1cticas con respecto a sus datos personales y c\u00f3mo los trataremos.<\/p>\n<h3><strong><b>1. Informaci\u00f3n que recopilamos<\/b><\/strong><\/h3>\n<p>Podemos recopilar informaci\u00f3n personal de varias maneras, incluyendo:<\/p>\n<ul>\n<li><strong>Informaci\u00f3n de identificaci\u00f3n personal<\/strong>: Cuando visita nuestro Sitio, se registra en nuestro Sitio, realiza un pedido o completa un formulario, podemos recopilar informaci\u00f3n personal como su nombre, direcci\u00f3n de correo electr\u00f3nico, n\u00famero de tel\u00e9fono y detalles de la empresa.<\/li>\n<li><strong>Informaci\u00f3n de identificaci\u00f3n no personal<\/strong>: Tambi\u00e9n podemos recopilar informaci\u00f3n de identificaci\u00f3n no personal sobre usted siempre que interact\u00fae con nuestro Sitio. Esto puede incluir su direcci\u00f3n IP, tipo de navegador, sistema operativo, las p\u00e1ginas de nuestro Sitio que visita y otros datos de diagn\u00f3stico.<\/li>\n<\/ul>\n<h3><strong><b>2. C\u00f3mo utilizamos su informaci\u00f3n<\/b><\/strong><\/h3>\n<p>Utilizamos la informaci\u00f3n que recopilamos para los siguientes prop\u00f3sitos:<\/p>\n<ul>\n<li><strong>Para proporcionar servicios<\/strong>: Para procesar sus pedidos, proporcione los productos y servicios que solicita, y gestione su cuenta.<\/li>\n<li><strong>Atenci\u00f3n al Cliente<\/strong>: Para responder a sus consultas, brindar servicio al cliente y resolver cualquier problema.<\/li>\n<li><strong>Mejorando Nuestro Sitio Web<\/strong>: Para mejorar el contenido, la funcionalidad y la usabilidad de nuestro sitio web basado en sus comentarios.<\/li>\n<li><strong>Marketing y Comunicaciones<\/strong>: Con su consentimiento, podemos enviarle correos electr\u00f3nicos promocionales sobre nuestros productos, servicios y ofertas especiales.<\/li>\n<\/ul>\n<h3><strong><b>3. Compartiendo Su Informaci\u00f3n<\/b><\/strong><\/h3>\n<p>No vendemos, comerciamos ni alquilamos su informaci\u00f3n personal a terceros. Sin embargo, podemos compartir su informaci\u00f3n con terceros en los siguientes casos:<\/p>\n<ul>\n<li><strong>Proveedores de Servicios<\/strong>: Podemos compartir su informaci\u00f3n con proveedores de servicios externos que realizan servicios en nuestro nombre, como procesamiento de pagos, env\u00edo y distribuci\u00f3n de correos electr\u00f3nicos.<\/li>\n<li><strong>Cumplimiento de Obligaciones Legales<\/strong>: Podemos divulgar su informaci\u00f3n cuando sea requerido por ley, regulaci\u00f3n o proceso legal, como en respuesta a una orden judicial o solicitud gubernamental.<\/li>\n<\/ul>\n<h3><strong><b>4. Cookies y Tecnolog\u00edas de Seguimiento<\/b><\/strong><\/h3>\n<p>Nuestro Sitio utiliza cookies y tecnolog\u00edas de seguimiento similares para mejorar su experiencia. Las cookies son peque\u00f1os archivos almacenados en su dispositivo que nos ayudan a entender c\u00f3mo usa nuestro Sitio. Puede optar por desactivar las cookies a trav\u00e9s de la configuraci\u00f3n de su navegador, pero esto puede afectar la funcionalidad del Sitio.<\/p>\n<h3><strong><b>5. Seguridad de Datos<\/b><\/strong><\/h3>\n<p>Implementamos medidas t\u00e9cnicas y organizativas apropiadas para proteger su informaci\u00f3n personal contra accesos no autorizados, alteraciones, divulgaciones o destrucci\u00f3n. Sin embargo, ning\u00fan m\u00e9todo de transmisi\u00f3n por Internet o almacenamiento electr\u00f3nico es 100% seguro, y no podemos garantizar una seguridad absoluta.<\/p>\n<h3><strong><b>6. Sus Derechos<\/b><\/strong><\/h3>\n<p>Usted tiene los siguientes derechos respecto a sus datos personales:<\/p>\n<ul>\n<li><strong>Acceso<\/strong>: Puedes solicitar una copia de los datos personales que tenemos sobre ti.<\/li>\n<li><strong>Rectificaci\u00f3n<\/strong>: Puedes solicitar que corrijamos cualquier informaci\u00f3n inexacta o incompleta.<\/li>\n<li><strong>Borrado<\/strong>: Tienes el derecho a solicitar la eliminaci\u00f3n de tus datos personales, sujeto a ciertas excepciones legales.<\/li>\n<li><strong>Oposici\u00f3n<\/strong>: Puedes oponerte al procesamiento de tus datos personales en ciertas circunstancias.<\/li>\n<\/ul>\n<p>Para ejercer estos derechos, por favor cont\u00e1ctanos utilizando los datos proporcionados a continuaci\u00f3n.<\/p>\n<h3><strong><b>7. Transferencias Internacionales<\/b><\/strong><\/h3>\n<p>Tu informaci\u00f3n puede ser transferida y procesada en pa\u00edses distintos al pa\u00eds en el que resides. Estos pa\u00edses pueden tener leyes de protecci\u00f3n de datos diferentes a las de tu pa\u00eds. En tales casos, nos aseguraremos de que tus datos est\u00e9n protegidos mediante salvaguardas apropiadas.<\/p>\n<h3><strong><b>8. Cambios en esta Pol\u00edtica de Privacidad<\/b><\/strong><\/h3>\n<p>Podemos actualizar esta Pol\u00edtica de Privacidad ocasionalmente. Te notificaremos de cualquier cambio publicando la nueva Pol\u00edtica de Privacidad en esta p\u00e1gina, y la versi\u00f3n revisada ser\u00e1 efectiva inmediatamente tras su publicaci\u00f3n.<\/p>\n<h3><strong><b>9. Cont\u00e1ctanos<\/b><\/strong><\/h3>\n<p>Si tienes alguna pregunta sobre esta Pol\u00edtica de Privacidad o nuestras pr\u00e1cticas de datos, por favor cont\u00e1ctanos en:<\/p>\n<p>Hongkong YC Electronic Technology Co., Limited<br \/>Direcci\u00f3n: Comunidad de Bogang, Calle Shajing, Distrito de Baoan, Shenzhen, Guangdong, China<br \/>Correo electr\u00f3nico: sales@ycelectronic.com<br \/>Tel\u00e9fono: +86-0755-2709-5550<\/p>\n<p>Al usar nuestro Sitio, aceptas nuestra Pol\u00edtica de Privacidad y aceptas sus t\u00e9rminos.<\/p>","protected":false},"excerpt":{"rendered":"<p>Pol\u00edtica de Privacidad Hongkong YC Electronic Technology Co., Limited (\u201cnosotros,\u201d \u201cnuestro,\u201d o \u201cnos\u201d) se compromete a proteger su privacidad. Esta Pol\u00edtica de Privacidad describe c\u00f3mo recopilamos, usamos, divulgamos y protegemos su informaci\u00f3n cuando visita nuestro sitio web https:\/\/ycpcbs.com (\u201cSitio\u201d) o utiliza nuestros servicios. Por favor, lea esta pol\u00edtica cuidadosamente para entender nuestras opiniones y pr\u00e1cticas respecto a su informaci\u00f3n personal[\u2026]<\/p>","protected":false},"author":1,"featured_media":0,"parent":0,"menu_order":0,"comment_status":"closed","ping_status":"open","template":"","meta":{"_seopress_robots_primary_cat":"","_seopress_titles_title":"","_seopress_titles_desc":"","_seopress_robots_index":"","_zeroy_edited":false,"_zeroy_last_edited":"","footnotes":""},"class_list":["post-3","page","type-page","status-publish","hentry"],"_links":{"self":[{"href":"https:\/\/ycpcbs.com\/es\/wp-json\/wp\/v2\/pages\/3","targetHints":{"allow":["GET"]}}],"collection":[{"href":"https:\/\/ycpcbs.com\/es\/wp-json\/wp\/v2\/pages"}],"about":[{"href":"https:\/\/ycpcbs.com\/es\/wp-json\/wp\/v2\/types\/page"}],"author":[{"embeddable":true,"href":"https:\/\/ycpcbs.com\/es\/wp-json\/wp\/v2\/users\/1"}],"replies":[{"embeddable":true,"href":"https:\/\/ycpcbs.com\/es\/wp-json\/wp\/v2\/comments?post=3"}],"version-history":[{"count":0,"href":"https:\/\/ycpcbs.com\/es\/wp-json\/wp\/v2\/pages\/3\/revisions"}],"wp:attachment":[{"href":"https:\/\/ycpcbs.com\/es\/wp-json\/wp\/v2\/media?parent=3"}],"curies":[{"name":"wp","href":"https:\/\/api.w.org\/{rel}","templated":true}]}}