{"id":3,"date":"2024-10-12T10:28:54","date_gmt":"2024-10-12T10:28:54","guid":{"rendered":"http:\/\/ycpcbs.com\/?page_id=3"},"modified":"2024-10-25T09:53:57","modified_gmt":"2024-10-25T09:53:57","slug":"privacy-policy","status":"publish","type":"page","link":"https:\/\/ycpcbs.com\/de\/privacy-policy\/","title":{"rendered":"Datenschutzrichtlinie"},"content":{"rendered":"<p><strong>Datenschutzrichtlinie<\/strong><\/p>\n<p>Hongkong YC Electronic Technology Co., Limited (\"wir\", \"unser\" oder \"uns\") verpflichtet sich, Ihre Privatsph\u00e4re zu sch\u00fctzen. Diese Datenschutzrichtlinie beschreibt, wie wir Ihre Daten erfassen, verwenden, offenlegen und sch\u00fctzen, wenn Sie unsere Website <a href=\"https:\/\/ycpcbs.com\/de\/\"><u>https:\/\/ycpcbs.com<\/u><\/a>\u00a0(\"Seite\") besuchen oder unsere Dienste nutzen. Bitte lesen Sie diese Richtlinie sorgf\u00e4ltig durch, um unsere Ansichten und Praktiken in Bezug auf Ihre personenbezogenen Daten und deren Behandlung zu verstehen.<\/p>\n<h3><strong><b>1. Informationen, die wir sammeln<\/b><\/strong><\/h3>\n<p>Wir k\u00f6nnen personenbezogene Daten auf verschiedene Weise erfassen, einschlie\u00dflich:<\/p>\n<ul>\n<li><strong>Pers\u00f6nliche Identifikationsdaten<\/strong>: Wenn Sie unsere Seite besuchen, sich auf unserer Seite registrieren, eine Bestellung aufgeben oder ein Formular ausf\u00fcllen, erfassen wir m\u00f6glicherweise pers\u00f6nliche Daten wie Ihren Namen, Ihre E-Mail-Adresse, Ihre Telefonnummer und Firmendaten.<\/li>\n<li><strong>Nicht-pers\u00f6nliche Identifikationsdaten<\/strong>Wir k\u00f6nnen auch nicht-pers\u00f6nliche Identifikationsinformationen \u00fcber Sie sammeln, wann immer Sie mit unserer Website interagieren. Dies kann Ihre IP-Adresse, Browsertyp, Betriebssystem, die Seiten unserer Website, die Sie besuchen, und andere Diagnosedaten umfassen.<\/li>\n<\/ul>\n<h3><strong><b>2. Wie wir Ihre Informationen verwenden<\/b><\/strong><\/h3>\n<p>Wir verwenden die gesammelten Informationen f\u00fcr die folgenden Zwecke:<\/p>\n<ul>\n<li><strong>Um Dienstleistungen bereitzustellen<\/strong>: Um Ihre Bestellungen zu bearbeiten, die von Ihnen angeforderten Produkte und Dienstleistungen bereitzustellen und Ihr Konto zu verwalten.<\/li>\n<li><strong>Kundendienst<\/strong>: Um auf Ihre Anfragen zu antworten, Kundendienst zu leisten und etwaige Probleme zu beheben.<\/li>\n<li><strong>Verbesserung unserer Website<\/strong>: Um den Inhalt, die Funktionalit\u00e4t und die Benutzerfreundlichkeit unserer Website basierend auf Ihrem Feedback zu verbessern.<\/li>\n<li><strong>Marketing und Kommunikation<\/strong>: Mit Ihrer Zustimmung k\u00f6nnen wir Ihnen Werbe-E-Mails \u00fcber unsere Produkte, Dienstleistungen und Sonderangebote senden.<\/li>\n<\/ul>\n<h3><strong><b>3. Weitergabe Ihrer Informationen<\/b><\/strong><\/h3>\n<p>Wir verkaufen, handeln oder vermieten Ihre pers\u00f6nlichen Informationen nicht an Dritte. Wir k\u00f6nnen Ihre Informationen jedoch in folgenden F\u00e4llen mit Dritten teilen:<\/p>\n<ul>\n<li><strong>Dienstleister<\/strong>: Wir k\u00f6nnen Ihre Informationen mit Drittanbietern teilen, die Dienstleistungen in unserem Auftrag erbringen, wie Zahlungsabwicklung, Versand und E-Mail-Verteilung.<\/li>\n<li><strong>Einhaltung gesetzlicher Verpflichtungen<\/strong>: Wir k\u00f6nnen Ihre Informationen offenlegen, wenn dies gesetzlich, durch Vorschriften oder rechtliche Verfahren erforderlich ist, beispielsweise als Reaktion auf eine gerichtliche Anordnung oder eine beh\u00f6rdliche Anfrage.<\/li>\n<\/ul>\n<h3><strong><b>4. Cookies und Tracking-Technologien<\/b><\/strong><\/h3>\n<p>Unsere Website verwendet Cookies und \u00e4hnliche Tracking-Technologien, um Ihre Erfahrung zu verbessern. Cookies sind kleine Dateien, die auf Ihrem Ger\u00e4t gespeichert werden und uns helfen zu verstehen, wie Sie unsere Website nutzen. Sie k\u00f6nnen Cookies in den Einstellungen Ihres Browsers deaktivieren, was jedoch die Funktionalit\u00e4t der Website beeintr\u00e4chtigen kann.<\/p>\n<h3><strong><b>5. Datensicherheit<\/b><\/strong><\/h3>\n<p>Wir ergreifen geeignete technische und organisatorische Ma\u00dfnahmen, um Ihre pers\u00f6nlichen Daten vor unbefugtem Zugriff, Ver\u00e4nderung, Offenlegung oder Zerst\u00f6rung zu sch\u00fctzen. Allerdings ist keine Methode der \u00dcbertragung \u00fcber das Internet oder der elektronischen Speicherung 100% sicher, und wir k\u00f6nnen keine absolute Sicherheit garantieren.<\/p>\n<h3><strong><b>6. Ihre Rechte<\/b><\/strong><\/h3>\n<p>Sie haben die folgenden Rechte bez\u00fcglich Ihrer pers\u00f6nlichen Daten:<\/p>\n<ul>\n<li><strong>Zugriff<\/strong>: Sie k\u00f6nnen eine Kopie der personenbezogenen Daten anfordern, die wir \u00fcber Sie gespeichert haben.<\/li>\n<li><strong>Berichtigung<\/strong>: Sie k\u00f6nnen verlangen, dass wir ungenaue oder unvollst\u00e4ndige Informationen korrigieren.<\/li>\n<li><strong>L\u00f6schung<\/strong>: Sie haben das Recht, die L\u00f6schung Ihrer personenbezogenen Daten zu verlangen, vorbehaltlich bestimmter gesetzlicher Ausnahmen.<\/li>\n<li><strong>Widerspruch<\/strong>: Sie k\u00f6nnen der Verarbeitung Ihrer personenbezogenen Daten unter bestimmten Umst\u00e4nden widersprechen.<\/li>\n<\/ul>\n<p>Um diese Rechte auszu\u00fcben, kontaktieren Sie uns bitte unter den unten angegebenen Kontaktdaten.<\/p>\n<h3><strong><b>7. Internationale \u00dcbermittlungen<\/b><\/strong><\/h3>\n<p>Ihre Informationen k\u00f6nnen in L\u00e4nder \u00fcbertragen und dort verarbeitet werden, die anders sind als das Land, in dem Sie ans\u00e4ssig sind. Diese L\u00e4nder k\u00f6nnen andere Datenschutzgesetze haben als Deutschland. In solchen F\u00e4llen stellen wir sicher, dass Ihre Daten durch geeignete Schutzma\u00dfnahmen gesch\u00fctzt sind.<\/p>\n<h3><strong><b>8. \u00c4nderungen dieser Datenschutzerkl\u00e4rung<\/b><\/strong><\/h3>\n<p>Wir k\u00f6nnen diese Datenschutzerkl\u00e4rung von Zeit zu Zeit aktualisieren. Wir werden Sie \u00fcber \u00c4nderungen informieren, indem wir die neue Datenschutzerkl\u00e4rung auf dieser Seite ver\u00f6ffentlichen, und die \u00fcberarbeitete Version ist sofort nach Ver\u00f6ffentlichung wirksam.<\/p>\n<h3><strong><b>9. Kontaktieren Sie uns<\/b><\/strong><\/h3>\n<p>Wenn Sie Fragen zu dieser Datenschutzerkl\u00e4rung oder unseren Datenpraktiken haben, kontaktieren Sie uns bitte unter:<\/p>\n<p>Hongkong YC Electronic Technology Co., Limited<br \/>Adresse: Bogang Community, Shajing Street, Baoan District, Shenzhen, Guangdong, China<br \/>E-Mail: sales@ycelectronic.com<br \/>Telefon: +86-0755-2709-5550<\/p>\n<p>Durch die Nutzung unserer Website stimmen Sie unserer Datenschutzerkl\u00e4rung zu und akzeptieren deren Bedingungen.<\/p>","protected":false},"excerpt":{"rendered":"<p>Datenschutzerkl\u00e4rung Hongkong YC Electronic Technology Co., Limited (\u201cwir\u201d, \u201cuns\u201d oder \u201cunsere\u201d) verpflichtet sich, Ihre Privatsph\u00e4re zu sch\u00fctzen. Diese Datenschutzerkl\u00e4rung beschreibt, wie wir Ihre Informationen sammeln, verwenden, offenlegen und sch\u00fctzen, wenn Sie unsere Website https:\/\/ycpcbs.com (\u201cWebsite\u201d) besuchen oder unsere Dienste nutzen. Bitte lesen Sie diese Richtlinie sorgf\u00e4ltig durch, um unsere Ansichten und Praktiken bez\u00fcglich Ihrer personenbezogenen Daten zu verstehen.<\/p>","protected":false},"author":1,"featured_media":0,"parent":0,"menu_order":0,"comment_status":"closed","ping_status":"open","template":"","meta":{"_seopress_robots_primary_cat":"","_seopress_titles_title":"","_seopress_titles_desc":"","_seopress_robots_index":"","_zeroy_edited":false,"_zeroy_last_edited":"","footnotes":""},"class_list":["post-3","page","type-page","status-publish","hentry"],"_links":{"self":[{"href":"https:\/\/ycpcbs.com\/de\/wp-json\/wp\/v2\/pages\/3","targetHints":{"allow":["GET"]}}],"collection":[{"href":"https:\/\/ycpcbs.com\/de\/wp-json\/wp\/v2\/pages"}],"about":[{"href":"https:\/\/ycpcbs.com\/de\/wp-json\/wp\/v2\/types\/page"}],"author":[{"embeddable":true,"href":"https:\/\/ycpcbs.com\/de\/wp-json\/wp\/v2\/users\/1"}],"replies":[{"embeddable":true,"href":"https:\/\/ycpcbs.com\/de\/wp-json\/wp\/v2\/comments?post=3"}],"version-history":[{"count":0,"href":"https:\/\/ycpcbs.com\/de\/wp-json\/wp\/v2\/pages\/3\/revisions"}],"wp:attachment":[{"href":"https:\/\/ycpcbs.com\/de\/wp-json\/wp\/v2\/media?parent=3"}],"curies":[{"name":"wp","href":"https:\/\/api.w.org\/{rel}","templated":true}]}}