{"id":32,"date":"2024-10-14T12:30:20","date_gmt":"2024-10-14T12:30:20","guid":{"rendered":"https:\/\/ycpcbs.com\/?page_id=32"},"modified":"2024-10-25T09:57:04","modified_gmt":"2024-10-25T09:57:04","slug":"cookies-policy","status":"publish","type":"page","link":"https:\/\/ycpcbs.com\/cs\/cookies-policy\/","title":{"rendered":"Z\u00e1sady pou\u017e\u00edv\u00e1n\u00ed cookies"},"content":{"rendered":"<p><strong>Z\u00e1sady pou\u017e\u00edv\u00e1n\u00ed cookies<\/strong><\/p>\n<p>Hongkong YC Electronic Technology Co., Limited (\"my,\" \"n\u00e1\u0161\" nebo \"n\u00e1s\") pou\u017e\u00edv\u00e1 na na\u0161ich webov\u00fdch str\u00e1nk\u00e1ch cookies a podobn\u00e9 sledovac\u00ed technologie <a href=\"https:\/\/ycpcbs.com\/cs\/\"><u>https:\/\/ycpcbs.com<\/u><\/a>\u00a0(\"Webov\u00e1 str\u00e1nka\"). Tato Z\u00e1sady pou\u017e\u00edv\u00e1n\u00ed cookies vysv\u011btluje, co jsou cookies, jak je pou\u017e\u00edv\u00e1me a va\u0161e mo\u017enosti ohledn\u011b jejich pou\u017eit\u00ed.<\/p>\n<h3><strong><b>1. Co jsou cookies?<\/b><\/strong><\/h3>\n<p>Cookies jsou mal\u00e9 textov\u00e9 soubory um\u00edst\u011bn\u00e9 na va\u0161em za\u0159\u00edzen\u00ed (po\u010d\u00edta\u010d, chytr\u00fd telefon nebo jin\u00e9 elektronick\u00e9 za\u0159\u00edzen\u00ed), kdy\u017e nav\u0161t\u00edv\u00edte webovou str\u00e1nku. Pom\u00e1haj\u00ed n\u00e1m rozpoznat va\u0161e za\u0159\u00edzen\u00ed, zapamatovat si va\u0161e preference a zlep\u0161it va\u0161e zku\u0161enosti na na\u0161\u00ed Webov\u00e9 str\u00e1nce.<\/p>\n<h3><strong><b>2. Typy cookies, kter\u00e9 pou\u017e\u00edv\u00e1me<\/b><\/strong><\/h3>\n<p>Na na\u0161\u00ed Webov\u00e9 str\u00e1nce pou\u017e\u00edv\u00e1me n\u00e1sleduj\u00edc\u00ed typy cookies:<\/p>\n<ul>\n<li><strong>Nezbytn\u00e9 cookies<\/strong>: Tyto cookies jsou nezbytn\u00e9 pro spr\u00e1vn\u00e9 fungov\u00e1n\u00ed Webov\u00e9 str\u00e1nky. Umo\u017e\u0148uj\u00ed v\u00e1m proch\u00e1zet Webovou str\u00e1nku a vyu\u017e\u00edvat jej\u00ed funkce, nap\u0159\u00edklad p\u0159\u00edstup do zabezpe\u010den\u00fdch oblast\u00ed.<\/li>\n<li><strong>V\u00fdkonov\u00e9 cookies<\/strong>: Tyto cookies shroma\u017e\u010fuj\u00ed informace o tom, jak pou\u017e\u00edv\u00e1te na\u0161i Webovou str\u00e1nku, nap\u0159\u00edklad kter\u00e9 str\u00e1nky nav\u0161t\u011bvujete a jak\u00e9 chyby se v\u00e1m zobrazuj\u00ed. Tyto \u00fadaje pou\u017e\u00edv\u00e1me ke zlep\u0161en\u00ed v\u00fdkonu a u\u017eivatelsk\u00e9ho z\u00e1\u017eitku na Webov\u00e9 str\u00e1nce.<\/li>\n<li><strong>Funk\u010dn\u00ed cookies<\/strong>: Tyto cookies n\u00e1m umo\u017e\u0148uj\u00ed zapamatovat si va\u0161e preference (nap\u0159\u00edklad jazyk nebo region) a poskytnout v\u00e1m personalizovan\u011bj\u0161\u00ed z\u00e1\u017eitek.<\/li>\n<li><strong>Cookies pro c\u00edlen\u00ed nebo reklamu<\/strong>: Tyto cookies se pou\u017e\u00edvaj\u00ed k doru\u010dov\u00e1n\u00ed relevantn\u00edch reklam na z\u00e1klad\u011b va\u0161ich z\u00e1jm\u016f. Mohou b\u00fdt tak\u00e9 pou\u017eity ke sn\u00ed\u017een\u00ed po\u010dtu zobrazen\u00ed reklamy a k m\u011b\u0159en\u00ed \u00fa\u010dinnosti reklamn\u00edch kampan\u00ed.<\/li>\n<\/ul>\n<h3><strong><b>3. Jak pou\u017e\u00edv\u00e1me cookies<\/b><\/strong><\/h3>\n<p>Pou\u017e\u00edv\u00e1me cookies pro n\u00e1sleduj\u00edc\u00ed \u00fa\u010dely:<\/p>\n<ul>\n<li><strong>Poskytov\u00e1n\u00ed slu\u017eeb<\/strong>: Nezbytn\u00e9 cookies n\u00e1m pom\u00e1haj\u00ed poskytovat z\u00e1kladn\u00ed slu\u017eby, nap\u0159\u00edklad p\u0159\u00edstup k va\u0161emu \u00fa\u010dtu nebo zpracov\u00e1n\u00ed objedn\u00e1vek.<\/li>\n<li><strong>Pro anal\u00fdzu pou\u017e\u00edv\u00e1n\u00ed webu<\/strong>: Pou\u017e\u00edv\u00e1me v\u00fdkonov\u00e9 cookies k pochopen\u00ed, jak n\u00e1v\u0161t\u011bvn\u00edci interaguj\u00ed s na\u0161\u00ed Webovou str\u00e1nkou, a ke zlep\u0161en\u00ed funk\u010dnosti a obsahu.<\/li>\n<li><strong>Pro personalizaci obsahu<\/strong>: Funk\u010dn\u00ed cookies n\u00e1m umo\u017e\u0148uj\u00ed p\u0159izp\u016fsobit webov\u00e9 str\u00e1nky va\u0161im preferenc\u00edm.<\/li>\n<li><strong>Pro podporu marketingov\u00fdch aktivit<\/strong>: C\u00edlen\u00e9 cookies n\u00e1m pom\u00e1haj\u00ed zobrazovat relevantn\u00ed reklamy a sledovat \u00fa\u010dinnost na\u0161ich marketingov\u00fdch aktivit.<\/li>\n<\/ul>\n<h3><strong><b>4. Cookies t\u0159et\u00edch stran<\/b><\/strong><\/h3>\n<p>V n\u011bkter\u00fdch p\u0159\u00edpadech mohou t\u0159et\u00ed strany um\u00edstit cookies na va\u0161e za\u0159\u00edzen\u00ed prost\u0159ednictv\u00edm na\u0161ich str\u00e1nek. Tyto cookies jsou obvykle pou\u017e\u00edv\u00e1ny pro analytiku, reklamu nebo integraci soci\u00e1ln\u00edch m\u00e9di\u00ed. Tyto cookies nekontrolujeme a doporu\u010dujeme v\u00e1m obr\u00e1tit se na z\u00e1sady cookies t\u0159et\u00edch stran pro v\u00edce informac\u00ed.<\/p>\n<h3><strong><b>5. Spr\u00e1va va\u0161ich preferenc\u00ed cookies<\/b><\/strong><\/h3>\n<p>M\u016f\u017eete si zvolit p\u0159ijet\u00ed nebo odm\u00edtnut\u00ed cookies prost\u0159ednictv\u00edm nastaven\u00ed va\u0161eho prohl\u00ed\u017ee\u010de. V\u011bt\u0161ina webov\u00fdch prohl\u00ed\u017ee\u010d\u016f automaticky p\u0159ij\u00edm\u00e1 cookies, ale m\u016f\u017eete si nastavit jejich odm\u00edtnut\u00ed, pokud d\u00e1v\u00e1te p\u0159ednost. Upozor\u0148ujeme, \u017ee deaktivace cookies m\u016f\u017ee ovlivnit funk\u010dnost na\u0161ich str\u00e1nek.<\/p>\n<h3><strong><b>6. Zm\u011bny t\u00e9to politiky cookies<\/b><\/strong><\/h3>\n<p>Tuto politiku cookies m\u016f\u017eeme \u010das od \u010dasu aktualizovat. Jak\u00e9koli zm\u011bny budou zve\u0159ejn\u011bny na t\u00e9to str\u00e1nce a upraven\u00e1 verze bude \u00fa\u010dinn\u00e1 okam\u017eit\u011b po zve\u0159ejn\u011bn\u00ed.<\/p>\n<h3><strong><b>7. Kontaktujte n\u00e1s<\/b><\/strong><\/h3>\n<p>Pokud m\u00e1te jak\u00e9koli dotazy ohledn\u011b na\u0161eho pou\u017e\u00edv\u00e1n\u00ed cookies nebo t\u00e9to politiky cookies, kontaktujte n\u00e1s na:<\/p>\n<p>Hongkong YC Electronic Technology Co., Limited<br \/>\nAdresa: Komunita Bogang, ulice Shajing, okres Baoan, Shenzhen, Guangdong, \u010c\u00edna<br \/>\nE-mail: sales@ycelectronic.com<br \/>\nTelefon: +86-0755-2709-5550<\/p>\n<p>Pokra\u010dov\u00e1n\u00edm v pou\u017e\u00edv\u00e1n\u00ed na\u0161ich str\u00e1nek souhlas\u00edte s pou\u017e\u00edv\u00e1n\u00edm cookies, jak je pops\u00e1no v t\u00e9to politice cookies.<\/p>","protected":false},"excerpt":{"rendered":"<p>Z\u00e1sady pou\u017e\u00edv\u00e1n\u00ed cookies Spole\u010dnost Hongkong YC Electronic Technology Co., Limited (\u201cmy\u201d, \u201cn\u00e1\u0161\u201d nebo \u201cn\u00e1s\u201d) pou\u017e\u00edv\u00e1 na na\u0161ich webov\u00fdch str\u00e1nk\u00e1ch https:\/\/ycpcbs.com (\u201cStr\u00e1nka\u201d) cookies a podobn\u00e9 sledovac\u00ed technologie. Tato Z\u00e1sada pou\u017e\u00edv\u00e1n\u00ed cookies vysv\u011btluje, co jsou cookies, jak je pou\u017e\u00edv\u00e1me a jak\u00e9 m\u00e1te mo\u017enosti ohledn\u011b jejich pou\u017eit\u00ed. 1. Co jsou cookies? Cookies jsou mal\u00e9 textov\u00e9 soubory um\u00edst\u011bn\u00e9 na va\u0161em za\u0159\u00edzen\u00ed (po\u010d\u00edta\u010di, chytr\u00e9m telefonu nebo [\u2026]<\/p>","protected":false},"author":1,"featured_media":0,"parent":0,"menu_order":0,"comment_status":"closed","ping_status":"closed","template":"","meta":{"_seopress_robots_primary_cat":"","_seopress_titles_title":"","_seopress_titles_desc":"","_seopress_robots_index":"","_zeroy_edited":false,"_zeroy_last_edited":"","footnotes":""},"class_list":["post-32","page","type-page","status-publish","hentry"],"_links":{"self":[{"href":"https:\/\/ycpcbs.com\/cs\/wp-json\/wp\/v2\/pages\/32","targetHints":{"allow":["GET"]}}],"collection":[{"href":"https:\/\/ycpcbs.com\/cs\/wp-json\/wp\/v2\/pages"}],"about":[{"href":"https:\/\/ycpcbs.com\/cs\/wp-json\/wp\/v2\/types\/page"}],"author":[{"embeddable":true,"href":"https:\/\/ycpcbs.com\/cs\/wp-json\/wp\/v2\/users\/1"}],"replies":[{"embeddable":true,"href":"https:\/\/ycpcbs.com\/cs\/wp-json\/wp\/v2\/comments?post=32"}],"version-history":[{"count":0,"href":"https:\/\/ycpcbs.com\/cs\/wp-json\/wp\/v2\/pages\/32\/revisions"}],"wp:attachment":[{"href":"https:\/\/ycpcbs.com\/cs\/wp-json\/wp\/v2\/media?parent=32"}],"curies":[{"name":"wp","href":"https:\/\/api.w.org\/{rel}","templated":true}]}}