{"id":3,"date":"2024-10-12T10:28:54","date_gmt":"2024-10-12T10:28:54","guid":{"rendered":"http:\/\/ycpcbs.com\/?page_id=3"},"modified":"2024-10-25T09:53:57","modified_gmt":"2024-10-25T09:53:57","slug":"privacy-policy","status":"publish","type":"page","link":"https:\/\/ycpcbs.com\/cs\/privacy-policy\/","title":{"rendered":"Z\u00e1sady ochrany osobn\u00edch \u00fadaj\u016f"},"content":{"rendered":"<p><strong>Z\u00e1sady ochrany osobn\u00edch \u00fadaj\u016f<\/strong><\/p>\n<p>Hongkong YC Electronic Technology Co., Limited (\"my\", \"n\u00e1\u0161\" nebo \"n\u00e1s\") se zavazuje chr\u00e1nit va\u0161e soukrom\u00ed. Tyto Z\u00e1sady ochrany osobn\u00edch \u00fadaj\u016f popisuj\u00ed, jak shroma\u017e\u010fujeme, pou\u017e\u00edv\u00e1me, zve\u0159ej\u0148ujeme a chr\u00e1n\u00edme va\u0161e informace, kdy\u017e nav\u0161t\u00edv\u00edte na\u0161e webov\u00e9 str\u00e1nky <a href=\"https:\/\/ycpcbs.com\/cs\/\"><u>https:\/\/ycpcbs.com<\/u><\/a>\u00a0\"Web\" nebo pou\u017e\u00edv\u00e1te na\u0161e slu\u017eby. Pe\u010dliv\u011b si p\u0159e\u010dt\u011bte tyto z\u00e1sady, abyste pochopili na\u0161e n\u00e1zory a postupy t\u00fdkaj\u00edc\u00ed se va\u0161ich osobn\u00edch \u00fadaj\u016f a jak s nimi budeme zach\u00e1zet.<\/p>\n<h3><strong><b>1. Informace, kter\u00e9 shroma\u017e\u010fujeme<\/b><\/strong><\/h3>\n<p>M\u016f\u017eeme shroma\u017e\u010fovat osobn\u00ed \u00fadaje r\u016fzn\u00fdmi zp\u016fsoby, v\u010detn\u011b:<\/p>\n<ul>\n<li><strong>Osobn\u00ed identifika\u010dn\u00ed \u00fadaje<\/strong>: Kdy\u017e nav\u0161t\u00edv\u00edte n\u00e1\u0161 Web, zaregistrujete se na n\u011bm, zad\u00e1te objedn\u00e1vku nebo vypln\u00edte formul\u00e1\u0159, m\u016f\u017eeme shroma\u017e\u010fovat osobn\u00ed \u00fadaje, jako je va\u0161e jm\u00e9no, e-mailov\u00e1 adresa, telefonn\u00ed \u010d\u00edslo a \u00fadaje o spole\u010dnosti.<\/li>\n<li><strong>Neosobn\u00ed identifika\u010dn\u00ed \u00fadaje<\/strong>: M\u016f\u017eeme tak\u00e9 shroma\u017e\u010fovat neosobn\u00ed identifika\u010dn\u00ed \u00fadaje o v\u00e1s poka\u017ed\u00e9, kdy\u017e interagujete s na\u0161\u00edm Webem. To m\u016f\u017ee zahrnovat va\u0161i IP adresu, typ prohl\u00ed\u017ee\u010de, opera\u010dn\u00ed syst\u00e9m, str\u00e1nky na\u0161eho Webu, kter\u00e9 nav\u0161t\u00edv\u00edte, a dal\u0161\u00ed diagnostick\u00e1 data.<\/li>\n<\/ul>\n<h3><strong><b>2. Jak pou\u017e\u00edv\u00e1me va\u0161e informace<\/b><\/strong><\/h3>\n<p>Pou\u017e\u00edv\u00e1me shrom\u00e1\u017ed\u011bn\u00e9 informace k n\u00e1sleduj\u00edc\u00edm \u00fa\u010del\u016fm:<\/p>\n<ul>\n<li><strong>Poskytov\u00e1n\u00ed slu\u017eeb<\/strong>: K zpracov\u00e1n\u00ed va\u0161ich objedn\u00e1vek, poskytov\u00e1n\u00ed po\u017eadovan\u00fdch produkt\u016f a slu\u017eeb a spr\u00e1v\u011b va\u0161eho \u00fa\u010dtu.<\/li>\n<li><strong>Z\u00e1kaznick\u00e1 podpora<\/strong>: K odpov\u011bdi na va\u0161e dotazy, poskytov\u00e1n\u00ed z\u00e1kaznick\u00e9ho servisu a \u0159e\u0161en\u00ed jak\u00fdchkoli probl\u00e9m\u016f.<\/li>\n<li><strong>Vylep\u0161ov\u00e1n\u00ed na\u0161ich webov\u00fdch str\u00e1nek<\/strong>: K vylep\u0161en\u00ed obsahu, funk\u010dnosti a pou\u017eitelnosti na\u0161ich webov\u00fdch str\u00e1nek na z\u00e1klad\u011b va\u0161ich zp\u011btn\u00fdch vazeb.<\/li>\n<li><strong>Marketing a komunikace<\/strong>: Se souhlasem v\u00e1m m\u016f\u017eeme zas\u00edlat propaga\u010dn\u00ed e-maily o na\u0161ich produktech, slu\u017eb\u00e1ch a speci\u00e1ln\u00edch nab\u00eddk\u00e1ch.<\/li>\n<\/ul>\n<h3><strong><b>3. Sd\u00edlen\u00ed va\u0161ich informac\u00ed<\/b><\/strong><\/h3>\n<p>Neposkytujeme, neobchodujeme ani nepronaj\u00edm\u00e1me va\u0161e osobn\u00ed \u00fadaje jin\u00fdm osob\u00e1m. M\u016f\u017eeme v\u0161ak sd\u00edlet va\u0161e informace s t\u0159et\u00edmi stranami v n\u00e1sleduj\u00edc\u00edch p\u0159\u00edpadech:<\/p>\n<ul>\n<li><strong>Poskytovatel\u00e9 slu\u017eeb<\/strong>: M\u016f\u017eeme sd\u00edlet va\u0161e informace s t\u0159et\u00edmi stranami, kter\u00e9 poskytuj\u00ed slu\u017eby jm\u00e9nem n\u00e1s, nap\u0159\u00edklad zpracov\u00e1n\u00ed plateb, doru\u010den\u00ed a rozes\u00edl\u00e1n\u00ed e-mail\u016f.<\/li>\n<li><strong>Soulad s pr\u00e1vn\u00edmi povinnostmi<\/strong>: M\u016f\u017eeme zve\u0159ejnit va\u0161e informace, pokud to vy\u017eaduj\u00ed z\u00e1kony, p\u0159edpisy nebo pr\u00e1vn\u00ed procesy, nap\u0159\u00edklad v reakci na soudn\u00ed p\u0159\u00edkaz nebo vl\u00e1dn\u00ed \u017e\u00e1dost.<\/li>\n<\/ul>\n<h3><strong><b>4. Cookies a sledovac\u00ed technologie<\/b><\/strong><\/h3>\n<p>Na\u0161e str\u00e1nky pou\u017e\u00edvaj\u00ed cookies a podobn\u00e9 sledovac\u00ed technologie ke zlep\u0161en\u00ed va\u0161eho z\u00e1\u017eitku. Cookies jsou mal\u00e9 soubory ulo\u017een\u00e9 na va\u0161em za\u0159\u00edzen\u00ed, kter\u00e9 n\u00e1m pom\u00e1haj\u00ed pochopit, jak pou\u017e\u00edv\u00e1te na\u0161e str\u00e1nky. M\u016f\u017eete se rozhodnout cookies zak\u00e1zat prost\u0159ednictv\u00edm nastaven\u00ed prohl\u00ed\u017ee\u010de, ale to m\u016f\u017ee ovlivnit funk\u010dnost str\u00e1nek.<\/p>\n<h3><strong><b>5. Bezpe\u010dnost dat<\/b><\/strong><\/h3>\n<p>Implementujeme vhodn\u00e1 technick\u00e1 a organiza\u010dn\u00ed opat\u0159en\u00ed k ochran\u011b va\u0161ich osobn\u00edch \u00fadaj\u016f p\u0159ed neopr\u00e1vn\u011bn\u00fdm p\u0159\u00edstupem, zm\u011bnou, zve\u0159ejn\u011bn\u00edm nebo zni\u010den\u00edm. Nicm\u00e9n\u011b \u017e\u00e1dn\u00e1 metoda p\u0159enosu p\u0159es internet nebo elektronick\u00e9ho ukl\u00e1d\u00e1n\u00ed nen\u00ed 100% bezpe\u010dn\u00e1, a nem\u016f\u017eeme zaru\u010dit absolutn\u00ed bezpe\u010dnost.<\/p>\n<h3><strong><b>6. Va\u0161e pr\u00e1va<\/b><\/strong><\/h3>\n<p>M\u00e1te n\u00e1sleduj\u00edc\u00ed pr\u00e1va t\u00fdkaj\u00edc\u00ed se va\u0161ich osobn\u00edch \u00fadaj\u016f:<\/p>\n<ul>\n<li><strong>P\u0159\u00edstup<\/strong>: M\u016f\u017eete po\u017e\u00e1dat o kopii osobn\u00edch \u00fadaj\u016f, kter\u00e9 o v\u00e1s m\u00e1me.<\/li>\n<li><strong>Oprava<\/strong>: M\u016f\u017eete po\u017e\u00e1dat o opravu jak\u00fdchkoli nep\u0159esn\u00fdch nebo ne\u00fapln\u00fdch informac\u00ed.<\/li>\n<li><strong>Vymaz\u00e1n\u00ed<\/strong>: M\u00e1te pr\u00e1vo po\u017e\u00e1dat o smaz\u00e1n\u00ed sv\u00fdch osobn\u00edch \u00fadaj\u016f, s v\u00fdjimkou ur\u010dit\u00fdch pr\u00e1vn\u00edch v\u00fdjimek.<\/li>\n<li><strong>N\u00e1mitka<\/strong>: M\u016f\u017eete vzn\u00e9st n\u00e1mitku proti zpracov\u00e1n\u00ed va\u0161ich osobn\u00edch \u00fadaj\u016f za ur\u010dit\u00fdch okolnost\u00ed.<\/li>\n<\/ul>\n<p>Pro uplatn\u011bn\u00ed t\u011bchto pr\u00e1v n\u00e1s pros\u00edm kontaktujte pomoc\u00ed n\u00ed\u017ee uveden\u00fdch \u00fadaj\u016f.<\/p>\n<h3><strong><b>7. Mezin\u00e1rodn\u00ed p\u0159evody<\/b><\/strong><\/h3>\n<p>Va\u0161e informace mohou b\u00fdt p\u0159eneseny do, a zpracov\u00e1ny v, zem\u00edch jin\u00fdch ne\u017e je \u010cesk\u00e1 republika. Tyto zem\u011b mohou m\u00edt odli\u0161n\u00e9 z\u00e1kony o ochran\u011b \u00fadaj\u016f ne\u017e va\u0161e zem\u011b. V takov\u00fdch p\u0159\u00edpadech zajist\u00edme, \u017ee va\u0161e data budou chr\u00e1n\u011bna vhodn\u00fdmi opat\u0159en\u00edmi.<\/p>\n<h3><strong><b>8. Zm\u011bny t\u00e9to z\u00e1sady ochrany osobn\u00edch \u00fadaj\u016f<\/b><\/strong><\/h3>\n<p>Tuto z\u00e1sadu ochrany osobn\u00edch \u00fadaj\u016f m\u016f\u017eeme \u010das od \u010dasu aktualizovat. O jak\u00fdchkoli zm\u011bn\u00e1ch v\u00e1s budeme informovat zve\u0159ejn\u011bn\u00edm nov\u00e9 z\u00e1sady ochrany osobn\u00edch \u00fadaj\u016f na t\u00e9to str\u00e1nce a upraven\u00e1 verze bude \u00fa\u010dinn\u00e1 okam\u017eit\u011b po zve\u0159ejn\u011bn\u00ed.<\/p>\n<h3><strong><b>9. Kontaktujte n\u00e1s<\/b><\/strong><\/h3>\n<p>Pokud m\u00e1te jak\u00e9koli ot\u00e1zky ohledn\u011b t\u00e9to z\u00e1sady ochrany osobn\u00edch \u00fadaj\u016f nebo na\u0161ich praktik zpracov\u00e1n\u00ed dat, kontaktujte n\u00e1s na:<\/p>\n<p>Hongkong YC Electronic Technology Co., Limited<br \/>Adresa: Komunita Bogang, ulice Shajing, okres Baoan, Shenzhen, Guangdong, \u010c\u00edna<br \/>E-mail: sales@ycelectronic.com<br \/>Telefon: +86-0755-2709-5550<\/p>\n<p>Pou\u017eit\u00edm na\u0161ich str\u00e1nek souhlas\u00edte s na\u0161\u00ed z\u00e1sadou ochrany osobn\u00edch \u00fadaj\u016f a souhlas\u00edte s jej\u00edmi podm\u00ednkami.<\/p>","protected":false},"excerpt":{"rendered":"<p>Z\u00e1sady ochrany osobn\u00edch \u00fadaj\u016f Hongkong YC Electronic Technology Co., Limited (\u201cmy\u201d, \u201cn\u00e1\u0161\u201d nebo \u201cn\u00e1s\u201d) se zavazuje chr\u00e1nit va\u0161e soukrom\u00ed. Tyto Z\u00e1sady ochrany osobn\u00edch \u00fadaj\u016f popisuj\u00ed, jak shroma\u017e\u010fujeme, pou\u017e\u00edv\u00e1me, zve\u0159ej\u0148ujeme a chr\u00e1n\u00edme va\u0161e informace, kdy\u017e nav\u0161t\u00edv\u00edte na\u0161e webov\u00e9 str\u00e1nky https:\/\/ycpcbs.com (\u201cStr\u00e1nka\u201d) nebo pou\u017e\u00edv\u00e1te na\u0161e slu\u017eby. Pe\u010dliv\u011b si p\u0159e\u010dt\u011bte tyto z\u00e1sady, abyste pochopili na\u0161e n\u00e1zory a postupy t\u00fdkaj\u00edc\u00ed se va\u0161ich osobn\u00edch [\u2026]<\/p>","protected":false},"author":1,"featured_media":0,"parent":0,"menu_order":0,"comment_status":"closed","ping_status":"open","template":"","meta":{"_seopress_robots_primary_cat":"","_seopress_titles_title":"","_seopress_titles_desc":"","_seopress_robots_index":"","_zeroy_edited":false,"_zeroy_last_edited":"","footnotes":""},"class_list":["post-3","page","type-page","status-publish","hentry"],"_links":{"self":[{"href":"https:\/\/ycpcbs.com\/cs\/wp-json\/wp\/v2\/pages\/3","targetHints":{"allow":["GET"]}}],"collection":[{"href":"https:\/\/ycpcbs.com\/cs\/wp-json\/wp\/v2\/pages"}],"about":[{"href":"https:\/\/ycpcbs.com\/cs\/wp-json\/wp\/v2\/types\/page"}],"author":[{"embeddable":true,"href":"https:\/\/ycpcbs.com\/cs\/wp-json\/wp\/v2\/users\/1"}],"replies":[{"embeddable":true,"href":"https:\/\/ycpcbs.com\/cs\/wp-json\/wp\/v2\/comments?post=3"}],"version-history":[{"count":0,"href":"https:\/\/ycpcbs.com\/cs\/wp-json\/wp\/v2\/pages\/3\/revisions"}],"wp:attachment":[{"href":"https:\/\/ycpcbs.com\/cs\/wp-json\/wp\/v2\/media?parent=3"}],"curies":[{"name":"wp","href":"https:\/\/api.w.org\/{rel}","templated":true}]}}